{"id":89,"date":"2025-07-22T06:51:27","date_gmt":"2025-07-22T06:51:27","guid":{"rendered":"https:\/\/edumartpro.vn\/?page_id=89"},"modified":"2025-08-01T08:09:25","modified_gmt":"2025-08-01T08:09:25","slug":"the-hoc-sinh-sinh-vien","status":"publish","type":"page","link":"https:\/\/edumartpro.vn\/?page_id=89","title":{"rendered":"Th\u1ebb H\u1ecdc Sinh &#8211; Sinh Vi\u00ean"},"content":{"rendered":"\n<p><strong>Th\u1ebb h\u1ecdc sinh \u2013 sinh vi\u00ean<\/strong>&nbsp;l\u00e0 m\u1ed9t d\u1ea1ng th\u1ebb nh\u1eadn di\u1ec7n d\u00f9ng trong tr\u01b0\u1eddng h\u1ecdc, d\u00e0nh cho c\u00e1c h\u1ecdc vi\u00ean. Ngo\u00e0i c\u00f4ng d\u1ee5ng l\u01b0u tr\u1eef th\u00f4ng tin c\u00e1 nh\u00e2n v\u00e0 th\u00f4ng tin v\u1ec1 tr\u01b0\u1eddng, th\u1ebb c\u00f3 th\u1ec3 \u0111\u01b0\u1ee3c s\u1eed d\u1ee5ng \u0111\u1ec3 l\u00e0m th\u1ebb ra v\u00e0o ph\u00f2ng thi, th\u1ebb th\u01b0 vi\u1ec7n, th\u1ebb ATM li\u00ean k\u1ebft, \u0111\u00f3ng h\u1ecdc ph\u00ed qua th\u1ebb\u2026<\/p>\n\n\n\n<p>\u0110i\u1ec1u quan tr\u1ecdng h\u01a1n, th\u1ebb h\u1ecdc sinh \u2013 sinh vi\u00ean l\u00e0 h\u00ecnh \u1ea3nh c\u1ee7a tr\u01b0\u1eddng, v\u00e0 gi\u00fap nh\u00e0 tr\u01b0\u1eddng ti\u1ec7n l\u1ee3i h\u01a1n trong c\u00f4ng t\u00e1c qu\u1ea3n l\u00fd sinh vi\u00ean ch\u1eb7t ch\u1ebd v\u00e0 hi\u1ec7u qu\u1ea3.<\/p>\n\n\n\n<figure class=\"wp-block-image size-large\"><img fetchpriority=\"high\" decoding=\"async\" width=\"1024\" height=\"559\" src=\"https:\/\/edumartpro.vn\/wp-content\/uploads\/2025\/07\/The-SV-1024x559.png\" alt=\"\" class=\"wp-image-238\" srcset=\"https:\/\/edumartpro.vn\/wp-content\/uploads\/2025\/07\/The-SV-1024x559.png 1024w, https:\/\/edumartpro.vn\/wp-content\/uploads\/2025\/07\/The-SV-300x164.png 300w, https:\/\/edumartpro.vn\/wp-content\/uploads\/2025\/07\/The-SV-768x419.png 768w, https:\/\/edumartpro.vn\/wp-content\/uploads\/2025\/07\/The-SV-1536x838.png 1536w, https:\/\/edumartpro.vn\/wp-content\/uploads\/2025\/07\/The-SV-2048x1117.png 2048w\" sizes=\"(max-width: 1024px) 100vw, 1024px\" \/><\/figure>\n\n\n\n<p class=\"has-text-align-center\"><em>T\u1ed1i \u01b0u quy tr\u00ecnh c\u1ea5p th\u1ebb sinh vi\u00ean v\u1edbi gi\u1ea3i ph\u00e1p \u0111\u1ed3ng b\u1ed9, hi\u1ec7n \u0111\u1ea1i v\u00e0 linh ho\u1ea1t<\/em><\/p>\n\n\n\n<p><strong>1. Th\u1ebb nh\u1ef1a h\u1ecdc sinh \u2013 sinh vi\u00ean l\u00e0 g\u00ec?<\/strong><\/p>\n\n\n\n<p>Th\u1ebb nh\u1ef1a h\u1ecdc sinh \u2013 sinh vi\u00ean l\u00e0 lo\u1ea1i th\u1ebb \u0111\u01b0\u1ee3c in b\u1eb1ng c\u00f4ng ngh\u1ec7 cao tr\u00ean ch\u1ea5t li\u1ec7u nh\u1ef1a PVC c\u1ee9ng, c\u00f3 \u0111\u1ed9 b\u1ec1n cao, ch\u1ed1ng th\u1ea5m n\u01b0\u1edbc v\u00e0 kh\u00f3 b\u1ecb g\u00e3y. Th\u1ebb th\u01b0\u1eddng bao g\u1ed3m c\u00e1c th\u00f4ng tin nh\u01b0:<\/p>\n\n\n\n<ul class=\"wp-block-list\">\n<li>H\u1ecd t\u00ean h\u1ecdc sinh\/sinh vi\u00ean<\/li>\n\n\n\n<li>M\u00e3 s\u1ed1 h\u1ecdc sinh\/sinh vi\u00ean<\/li>\n\n\n\n<li>\u1ea2nh ch\u00e2n dung<\/li>\n\n\n\n<li>L\u1edbp\/khoa \u2013 tr\u01b0\u1eddng<\/li>\n\n\n\n<li>M\u00e3 v\u1ea1ch ho\u1eb7c chip t\u1eeb (n\u1ebfu t\u00edch h\u1ee3p h\u1ec7 th\u1ed1ng qu\u1ea3n l\u00fd)<\/li>\n<\/ul>\n\n\n\n<p><strong>2. L\u1ee3i \u00edch c\u1ee7a th\u1ebb nh\u1ef1a h\u1ecdc sinh \u2013 sinh vi\u00ean<\/strong><\/p>\n\n\n\n<ul class=\"wp-block-list\">\n<li>Qu\u1ea3n l\u00fd h\u1ecdc sinh \u2013 sinh vi\u00ean hi\u1ec7u qu\u1ea3: <em>Th\u1ebb gi\u00fap nh\u00e0 tr\u01b0\u1eddng d\u1ec5 d\u00e0ng \u0111i\u1ec3m danh, ki\u1ec3m so\u00e1t ra v\u00e0o, m\u01b0\u1ee3n tr\u1ea3 s\u00e1ch th\u01b0 vi\u1ec7n, ho\u1eb7c t\u00edch h\u1ee3p v\u1edbi ph\u1ea7n m\u1ec1m qu\u1ea3n l\u00fd h\u1ecdc t\u1eadp.<\/em><\/li>\n\n\n\n<li>Ti\u1ec7n \u00edch cho h\u1ecdc sinh \u2013 sinh vi\u00ean: <em>Th\u1ebb c\u00f3 th\u1ec3 s\u1eed d\u1ee5ng nh\u01b0 m\u1ed9t lo\u1ea1i &#8220;ch\u1ee9ng minh th\u01b0&#8221; trong tr\u01b0\u1eddng h\u1ecdc, d\u00f9ng \u0111\u1ec3 nh\u1eadn di\u1ec7n khi thi c\u1eed, m\u01b0\u1ee3n \u0111\u1ed3, ho\u1eb7c nh\u1eadn c\u00e1c \u01b0u \u0111\u00e3i h\u1ecdc \u0111\u01b0\u1eddng nh\u01b0 xe bu\u00fdt, si\u00eau th\u1ecb, nh\u00e0 s\u00e1ch,&#8230;<\/em><\/li>\n\n\n\n<li>T\u0103ng t\u00ednh chuy\u00ean nghi\u1ec7p, hi\u1ec7n \u0111\u1ea1i: <em>Vi\u1ec7c trang b\u1ecb th\u1ebb nh\u1ef1a gi\u00fap n\u00e2ng cao h\u00ecnh \u1ea3nh c\u1ee7a nh\u00e0 tr\u01b0\u1eddng, t\u1ea1o s\u1ef1 \u0111\u1ed3ng b\u1ed9 v\u00e0 chuy\u00ean nghi\u1ec7p trong qu\u1ea3n l\u00fd.<\/em><\/li>\n<\/ul>\n\n\n\n<p><strong>3. In th\u1ebb nh\u1ef1a h\u1ecdc sinh \u2013 sinh vi\u00ean \u1edf \u0111\u00e2u uy t\u00edn?<\/strong><\/p>\n\n\n\n<p>N\u1ebfu b\u1ea1n \u0111ang t\u00ecm ki\u1ebfm \u0111\u01a1n v\u1ecb in th\u1ebb nh\u1ef1a h\u1ecdc sinh \u2013 sinh vi\u00ean ch\u1ea5t l\u01b0\u1ee3ng cao, in nhanh, b\u1ec1n \u0111\u1eb9p v\u00e0 gi\u00e1 c\u1ea3 ph\u1ea3i ch\u0103ng, h\u00e3y li\u00ean h\u1ec7 v\u1edbi <strong>EduMartPro.vn<\/strong> Ch\u00fang t\u00f4i nh\u1eadn thi\u1ebft k\u1ebf \u2013 in \u1ea5n theo y\u00eau c\u1ea7u, s\u1ed1 l\u01b0\u1ee3ng l\u1edbn \u2013 nh\u1ecf \u0111\u1ec1u \u0111\u00e1p \u1ee9ng nhanh ch\u00f3ng.<\/p>\n\n\n\n<hr class=\"wp-block-separator has-alpha-channel-opacity\"\/>\n\n\n\n<p>\ud83d\udcde <strong>Li\u00ean h\u1ec7 ngay \u0111\u1ec3 \u0111\u01b0\u1ee3c t\u01b0 v\u1ea5n &amp; b\u00e1o gi\u00e1 in th\u1ebb nh\u1ef1a h\u1ecdc sinh \u2013 sinh vi\u00ean!<\/strong><\/p>\n\n\n\n<p><\/p>\n","protected":false},"excerpt":{"rendered":"<p>Th\u1ebb h\u1ecdc sinh \u2013 sinh vi\u00ean&nbsp;l\u00e0 m\u1ed9t d\u1ea1ng th\u1ebb nh\u1eadn di\u1ec7n d\u00f9ng trong tr\u01b0\u1eddng h\u1ecdc, d\u00e0nh cho c\u00e1c h\u1ecdc vi\u00ean. Ngo\u00e0i c\u00f4ng d\u1ee5ng l\u01b0u tr\u1eef th\u00f4ng tin c\u00e1 nh\u00e2n v\u00e0 th\u00f4ng tin v\u1ec1 tr\u01b0\u1eddng, th\u1ebb c\u00f3 th\u1ec3 \u0111\u01b0\u1ee3c s\u1eed d\u1ee5ng \u0111\u1ec3 l\u00e0m th\u1ebb ra v\u00e0o ph\u00f2ng thi, th\u1ebb th\u01b0 vi\u1ec7n, [&hellip;]<\/p>\n","protected":false},"author":1,"featured_media":0,"parent":0,"menu_order":0,"comment_status":"closed","ping_status":"closed","template":"","meta":{"footnotes":""},"class_list":["post-89","page","type-page","status-publish","hentry"],"yoast_head":"<!-- This site is optimized with the Yoast SEO plugin v27.3 - https:\/\/yoast.com\/product\/yoast-seo-wordpress\/ -->\n<title>Th\u1ebb H\u1ecdc Sinh - Sinh Vi\u00ean - EduMartPro<\/title>\n<meta name=\"robots\" content=\"index, follow, max-snippet:-1, max-image-preview:large, max-video-preview:-1\" \/>\n<link rel=\"canonical\" href=\"https:\/\/edumartpro.vn\/?page_id=89\" \/>\n<meta property=\"og:locale\" content=\"vi_VN\" \/>\n<meta property=\"og:type\" content=\"article\" \/>\n<meta property=\"og:title\" content=\"Th\u1ebb H\u1ecdc Sinh - Sinh Vi\u00ean - EduMartPro\" \/>\n<meta property=\"og:description\" content=\"Th\u1ebb h\u1ecdc sinh \u2013 sinh vi\u00ean&nbsp;l\u00e0 m\u1ed9t d\u1ea1ng th\u1ebb nh\u1eadn di\u1ec7n d\u00f9ng trong tr\u01b0\u1eddng h\u1ecdc, d\u00e0nh cho c\u00e1c h\u1ecdc vi\u00ean. Ngo\u00e0i c\u00f4ng d\u1ee5ng l\u01b0u tr\u1eef th\u00f4ng tin c\u00e1 nh\u00e2n v\u00e0 th\u00f4ng tin v\u1ec1 tr\u01b0\u1eddng, th\u1ebb c\u00f3 th\u1ec3 \u0111\u01b0\u1ee3c s\u1eed d\u1ee5ng \u0111\u1ec3 l\u00e0m th\u1ebb ra v\u00e0o ph\u00f2ng thi, th\u1ebb th\u01b0 vi\u1ec7n, [&hellip;]\" \/>\n<meta property=\"og:url\" content=\"https:\/\/edumartpro.vn\/?page_id=89\" \/>\n<meta property=\"og:site_name\" content=\"EduMartPro\" \/>\n<meta property=\"article:modified_time\" content=\"2025-08-01T08:09:25+00:00\" \/>\n<meta property=\"og:image\" content=\"https:\/\/edumartpro.vn\/wp-content\/uploads\/2025\/07\/The-SV-1024x559.png\" \/>\n\t<meta property=\"og:image:width\" content=\"1024\" \/>\n\t<meta property=\"og:image:height\" content=\"559\" \/>\n\t<meta property=\"og:image:type\" content=\"image\/png\" \/>\n<meta name=\"twitter:card\" content=\"summary_large_image\" \/>\n<meta name=\"twitter:label1\" content=\"\u01af\u1edbc t\u00ednh th\u1eddi gian \u0111\u1ecdc\" \/>\n\t<meta name=\"twitter:data1\" content=\"3 ph\u00fat\" \/>\n<script type=\"application\/ld+json\" class=\"yoast-schema-graph\">{\"@context\":\"https:\\\/\\\/schema.org\",\"@graph\":[{\"@type\":\"WebPage\",\"@id\":\"https:\\\/\\\/edumartpro.vn\\\/?page_id=89\",\"url\":\"https:\\\/\\\/edumartpro.vn\\\/?page_id=89\",\"name\":\"Th\u1ebb H\u1ecdc Sinh - Sinh Vi\u00ean - EduMartPro\",\"isPartOf\":{\"@id\":\"https:\\\/\\\/edumartpro.vn\\\/#website\"},\"primaryImageOfPage\":{\"@id\":\"https:\\\/\\\/edumartpro.vn\\\/?page_id=89#primaryimage\"},\"image\":{\"@id\":\"https:\\\/\\\/edumartpro.vn\\\/?page_id=89#primaryimage\"},\"thumbnailUrl\":\"https:\\\/\\\/edumartpro.vn\\\/wp-content\\\/uploads\\\/2025\\\/07\\\/The-SV-1024x559.png\",\"datePublished\":\"2025-07-22T06:51:27+00:00\",\"dateModified\":\"2025-08-01T08:09:25+00:00\",\"breadcrumb\":{\"@id\":\"https:\\\/\\\/edumartpro.vn\\\/?page_id=89#breadcrumb\"},\"inLanguage\":\"vi\",\"potentialAction\":[{\"@type\":\"ReadAction\",\"target\":[\"https:\\\/\\\/edumartpro.vn\\\/?page_id=89\"]}]},{\"@type\":\"ImageObject\",\"inLanguage\":\"vi\",\"@id\":\"https:\\\/\\\/edumartpro.vn\\\/?page_id=89#primaryimage\",\"url\":\"https:\\\/\\\/edumartpro.vn\\\/wp-content\\\/uploads\\\/2025\\\/07\\\/The-SV-scaled.png\",\"contentUrl\":\"https:\\\/\\\/edumartpro.vn\\\/wp-content\\\/uploads\\\/2025\\\/07\\\/The-SV-scaled.png\",\"width\":2560,\"height\":1396},{\"@type\":\"BreadcrumbList\",\"@id\":\"https:\\\/\\\/edumartpro.vn\\\/?page_id=89#breadcrumb\",\"itemListElement\":[{\"@type\":\"ListItem\",\"position\":1,\"name\":\"Trang ch\u1ee7\",\"item\":\"https:\\\/\\\/edumartpro.vn\\\/\"},{\"@type\":\"ListItem\",\"position\":2,\"name\":\"Th\u1ebb H\u1ecdc Sinh &#8211; Sinh Vi\u00ean\"}]},{\"@type\":\"WebSite\",\"@id\":\"https:\\\/\\\/edumartpro.vn\\\/#website\",\"url\":\"https:\\\/\\\/edumartpro.vn\\\/\",\"name\":\"EduMartPro\",\"description\":\"\",\"publisher\":{\"@id\":\"https:\\\/\\\/edumartpro.vn\\\/#organization\"},\"potentialAction\":[{\"@type\":\"SearchAction\",\"target\":{\"@type\":\"EntryPoint\",\"urlTemplate\":\"https:\\\/\\\/edumartpro.vn\\\/?s={search_term_string}\"},\"query-input\":{\"@type\":\"PropertyValueSpecification\",\"valueRequired\":true,\"valueName\":\"search_term_string\"}}],\"inLanguage\":\"vi\"},{\"@type\":\"Organization\",\"@id\":\"https:\\\/\\\/edumartpro.vn\\\/#organization\",\"name\":\"EduMartPro\",\"url\":\"https:\\\/\\\/edumartpro.vn\\\/\",\"logo\":{\"@type\":\"ImageObject\",\"inLanguage\":\"vi\",\"@id\":\"https:\\\/\\\/edumartpro.vn\\\/#\\\/schema\\\/logo\\\/image\\\/\",\"url\":\"https:\\\/\\\/edumartpro.vn\\\/wp-content\\\/uploads\\\/2025\\\/07\\\/cropped-Edu_logo_Web.png\",\"contentUrl\":\"https:\\\/\\\/edumartpro.vn\\\/wp-content\\\/uploads\\\/2025\\\/07\\\/cropped-Edu_logo_Web.png\",\"width\":457,\"height\":304,\"caption\":\"EduMartPro\"},\"image\":{\"@id\":\"https:\\\/\\\/edumartpro.vn\\\/#\\\/schema\\\/logo\\\/image\\\/\"}}]}<\/script>\n<!-- \/ Yoast SEO plugin. -->","yoast_head_json":{"title":"Th\u1ebb H\u1ecdc Sinh - Sinh Vi\u00ean - EduMartPro","robots":{"index":"index","follow":"follow","max-snippet":"max-snippet:-1","max-image-preview":"max-image-preview:large","max-video-preview":"max-video-preview:-1"},"canonical":"https:\/\/edumartpro.vn\/?page_id=89","og_locale":"vi_VN","og_type":"article","og_title":"Th\u1ebb H\u1ecdc Sinh - Sinh Vi\u00ean - EduMartPro","og_description":"Th\u1ebb h\u1ecdc sinh \u2013 sinh vi\u00ean&nbsp;l\u00e0 m\u1ed9t d\u1ea1ng th\u1ebb nh\u1eadn di\u1ec7n d\u00f9ng trong tr\u01b0\u1eddng h\u1ecdc, d\u00e0nh cho c\u00e1c h\u1ecdc vi\u00ean. Ngo\u00e0i c\u00f4ng d\u1ee5ng l\u01b0u tr\u1eef th\u00f4ng tin c\u00e1 nh\u00e2n v\u00e0 th\u00f4ng tin v\u1ec1 tr\u01b0\u1eddng, th\u1ebb c\u00f3 th\u1ec3 \u0111\u01b0\u1ee3c s\u1eed d\u1ee5ng \u0111\u1ec3 l\u00e0m th\u1ebb ra v\u00e0o ph\u00f2ng thi, th\u1ebb th\u01b0 vi\u1ec7n, [&hellip;]","og_url":"https:\/\/edumartpro.vn\/?page_id=89","og_site_name":"EduMartPro","article_modified_time":"2025-08-01T08:09:25+00:00","og_image":[{"width":1024,"height":559,"url":"https:\/\/edumartpro.vn\/wp-content\/uploads\/2025\/07\/The-SV-1024x559.png","type":"image\/png"}],"twitter_card":"summary_large_image","twitter_misc":{"\u01af\u1edbc t\u00ednh th\u1eddi gian \u0111\u1ecdc":"3 ph\u00fat"},"schema":{"@context":"https:\/\/schema.org","@graph":[{"@type":"WebPage","@id":"https:\/\/edumartpro.vn\/?page_id=89","url":"https:\/\/edumartpro.vn\/?page_id=89","name":"Th\u1ebb H\u1ecdc Sinh - Sinh Vi\u00ean - EduMartPro","isPartOf":{"@id":"https:\/\/edumartpro.vn\/#website"},"primaryImageOfPage":{"@id":"https:\/\/edumartpro.vn\/?page_id=89#primaryimage"},"image":{"@id":"https:\/\/edumartpro.vn\/?page_id=89#primaryimage"},"thumbnailUrl":"https:\/\/edumartpro.vn\/wp-content\/uploads\/2025\/07\/The-SV-1024x559.png","datePublished":"2025-07-22T06:51:27+00:00","dateModified":"2025-08-01T08:09:25+00:00","breadcrumb":{"@id":"https:\/\/edumartpro.vn\/?page_id=89#breadcrumb"},"inLanguage":"vi","potentialAction":[{"@type":"ReadAction","target":["https:\/\/edumartpro.vn\/?page_id=89"]}]},{"@type":"ImageObject","inLanguage":"vi","@id":"https:\/\/edumartpro.vn\/?page_id=89#primaryimage","url":"https:\/\/edumartpro.vn\/wp-content\/uploads\/2025\/07\/The-SV-scaled.png","contentUrl":"https:\/\/edumartpro.vn\/wp-content\/uploads\/2025\/07\/The-SV-scaled.png","width":2560,"height":1396},{"@type":"BreadcrumbList","@id":"https:\/\/edumartpro.vn\/?page_id=89#breadcrumb","itemListElement":[{"@type":"ListItem","position":1,"name":"Trang ch\u1ee7","item":"https:\/\/edumartpro.vn\/"},{"@type":"ListItem","position":2,"name":"Th\u1ebb H\u1ecdc Sinh &#8211; Sinh Vi\u00ean"}]},{"@type":"WebSite","@id":"https:\/\/edumartpro.vn\/#website","url":"https:\/\/edumartpro.vn\/","name":"EduMartPro","description":"","publisher":{"@id":"https:\/\/edumartpro.vn\/#organization"},"potentialAction":[{"@type":"SearchAction","target":{"@type":"EntryPoint","urlTemplate":"https:\/\/edumartpro.vn\/?s={search_term_string}"},"query-input":{"@type":"PropertyValueSpecification","valueRequired":true,"valueName":"search_term_string"}}],"inLanguage":"vi"},{"@type":"Organization","@id":"https:\/\/edumartpro.vn\/#organization","name":"EduMartPro","url":"https:\/\/edumartpro.vn\/","logo":{"@type":"ImageObject","inLanguage":"vi","@id":"https:\/\/edumartpro.vn\/#\/schema\/logo\/image\/","url":"https:\/\/edumartpro.vn\/wp-content\/uploads\/2025\/07\/cropped-Edu_logo_Web.png","contentUrl":"https:\/\/edumartpro.vn\/wp-content\/uploads\/2025\/07\/cropped-Edu_logo_Web.png","width":457,"height":304,"caption":"EduMartPro"},"image":{"@id":"https:\/\/edumartpro.vn\/#\/schema\/logo\/image\/"}}]}},"jetpack_sharing_enabled":true,"_links":{"self":[{"href":"https:\/\/edumartpro.vn\/index.php?rest_route=\/wp\/v2\/pages\/89","targetHints":{"allow":["GET"]}}],"collection":[{"href":"https:\/\/edumartpro.vn\/index.php?rest_route=\/wp\/v2\/pages"}],"about":[{"href":"https:\/\/edumartpro.vn\/index.php?rest_route=\/wp\/v2\/types\/page"}],"author":[{"embeddable":true,"href":"https:\/\/edumartpro.vn\/index.php?rest_route=\/wp\/v2\/users\/1"}],"replies":[{"embeddable":true,"href":"https:\/\/edumartpro.vn\/index.php?rest_route=%2Fwp%2Fv2%2Fcomments&post=89"}],"version-history":[{"count":22,"href":"https:\/\/edumartpro.vn\/index.php?rest_route=\/wp\/v2\/pages\/89\/revisions"}],"predecessor-version":[{"id":481,"href":"https:\/\/edumartpro.vn\/index.php?rest_route=\/wp\/v2\/pages\/89\/revisions\/481"}],"wp:attachment":[{"href":"https:\/\/edumartpro.vn\/index.php?rest_route=%2Fwp%2Fv2%2Fmedia&parent=89"}],"curies":[{"name":"wp","href":"https:\/\/api.w.org\/{rel}","templated":true}]}}