{"id":294,"date":"2025-07-29T06:10:43","date_gmt":"2025-07-29T06:10:43","guid":{"rendered":"https:\/\/edumartpro.vn\/?page_id=294"},"modified":"2025-10-29T09:49:11","modified_gmt":"2025-10-29T09:49:11","slug":"thiet-bi-giao-duc","status":"publish","type":"page","link":"https:\/\/edumartpro.vn\/?page_id=294","title":{"rendered":"TRANG THI\u1ebeT B\u1eca GI\u00c1O D\u1ee4C"},"content":{"rendered":"\n<p>Trang Thi\u1ebft B\u1ecb Gi\u00e1o D\u1ee5c chuy\u00ean nghi\u1ec7p gi\u00fap nh\u00e0 tr\u01b0\u1eddng n\u00e2ng cao ch\u1ea5t l\u01b0\u1ee3ng gi\u1ea3ng d\u1ea1y v\u00e0 qu\u1ea3n l\u00fd to\u00e0n di\u1ec7n. T\u1eeb b\u1ea3ng t\u01b0\u01a1ng t\u00e1c, m\u00e1y chi\u1ebfu, thi\u1ebft b\u1ecb tr\u00ecnh chi\u1ebfu \u0111\u1ebfn h\u1ec7 th\u1ed1ng ph\u1ea7n m\u1ec1m qu\u1ea3n l\u00fd h\u1ecdc sinh \u2013 t\u1ea5t c\u1ea3 \u0111\u1ec1u g\u00f3p ph\u1ea7n x\u00e2y d\u1ef1ng m\u00f4i tr\u01b0\u1eddng h\u1ecdc t\u1eadp hi\u1ec7n \u0111\u1ea1i, hi\u1ec7u qu\u1ea3 v\u00e0 th\u00e2n thi\u1ec7n. Trang thi\u1ebft b\u1ecb \u0111\u1ed3ng b\u1ed9 kh\u00f4ng ch\u1ec9 h\u1ed7 tr\u1ee3 gi\u1ea3ng vi\u00ean truy\u1ec1n t\u1ea3i ki\u1ebfn th\u1ee9c m\u1ed9t c\u00e1ch tr\u1ef1c quan v\u00e0 sinh \u0111\u1ed9ng, m\u00e0 c\u00f2n gi\u00fap ban l\u00e3nh \u0111\u1ea1o ki\u1ec3m so\u00e1t quy tr\u00ecnh v\u1eadn h\u00e0nh m\u1ed9t c\u00e1ch khoa h\u1ecdc v\u00e0 minh b\u1ea1ch.<\/p>\n\n\n\n<p>M\u1ed9t c\u01a1 s\u1edf v\u1eadt ch\u1ea5t ch\u1ec9n chu ch\u00ednh l\u00e0 n\u1ec1n t\u1ea3ng v\u1eefng ch\u1eafc \u0111\u1ec3 ph\u00e1t tri\u1ec3n gi\u00e1o d\u1ee5c b\u1ec1n v\u1eefng, t\u1ea1o d\u1ef1ng ni\u1ec1m tin n\u01a1i ph\u1ee5 huynh v\u00e0 h\u1ecdc sinh.<\/p>\n\n\n\n<p><\/p>\n\n\n\n<div class=\"wp-block-columns alignwide are-vertically-aligned-center has-black-color has-background-color-background-color has-text-color has-background has-link-color wp-elements-d9052995db98e1e108e5720716466ebc is-layout-flex wp-container-core-columns-is-layout-28f84493 wp-block-columns-is-layout-flex\">\n<div class=\"wp-block-column is-vertically-aligned-center is-layout-flow wp-block-column-is-layout-flow\" style=\"flex-basis:33.33%\">\n<figure class=\"wp-block-image size-large\"><a href=\"https:\/\/edumartpro.vn\/?page_id=67\"><img fetchpriority=\"high\" decoding=\"async\" width=\"1024\" height=\"1024\" src=\"https:\/\/edumartpro.vn\/wp-content\/uploads\/2025\/07\/bang-1024x1024.jpg\" alt=\"\" class=\"wp-image-223\" srcset=\"https:\/\/edumartpro.vn\/wp-content\/uploads\/2025\/07\/bang-1024x1024.jpg 1024w, https:\/\/edumartpro.vn\/wp-content\/uploads\/2025\/07\/bang-300x300.jpg 300w, https:\/\/edumartpro.vn\/wp-content\/uploads\/2025\/07\/bang-150x150.jpg 150w, https:\/\/edumartpro.vn\/wp-content\/uploads\/2025\/07\/bang-768x768.jpg 768w, https:\/\/edumartpro.vn\/wp-content\/uploads\/2025\/07\/bang-1536x1536.jpg 1536w, https:\/\/edumartpro.vn\/wp-content\/uploads\/2025\/07\/bang.jpg 2048w\" sizes=\"(max-width: 1024px) 100vw, 1024px\" \/><\/a><\/figure>\n<\/div>\n\n\n\n<div class=\"wp-block-column is-vertically-aligned-center is-layout-flow wp-block-column-is-layout-flow\" style=\"flex-basis:66.66%\">\n<p style=\"padding-top:var(--wp--preset--spacing--70);padding-right:var(--wp--preset--spacing--70);padding-bottom:var(--wp--preset--spacing--70);padding-left:var(--wp--preset--spacing--70)\"><strong>B\u1ea3ng Vi\u1ebft Gi\u00e1o D\u1ee5c<\/strong><br>L\u00e0 thi\u1ebft b\u1ecb trung t\u00e2m trong m\u1ed7i ph\u00f2ng h\u1ecdc, \u0111\u00f3ng vai tr\u00f2 k\u1ebft n\u1ed1i gi\u1eefa n\u1ed9i dung gi\u1ea3ng d\u1ea1y v\u00e0 h\u1ecdc sinh. Tu\u1ef3 t\u1eebng c\u1ea5p h\u1ecdc v\u00e0 ph\u01b0\u01a1ng ph\u00e1p gi\u1ea3ng d\u1ea1y \u2013 m\u1ed7i lo\u1ea1i b\u1ea3ng s\u1ebd \u0111\u00e1p \u1ee9ng ph\u00f9 h\u1ee3p cho nh\u1eefng nhu c\u1ea7u kh\u00e1c nhau. <a href=\"https:\/\/edumartpro.vn\/?page_id=67\"><mark style=\"background-color:rgba(0, 0, 0, 0)\" class=\"has-inline-color has-accent-color\">&gt;&gt;&gt;<\/mark><\/a><\/p>\n<\/div>\n<\/div>\n\n\n\n<div class=\"wp-block-columns alignwide are-vertically-aligned-center has-black-color has-background-color-background-color has-text-color has-background has-link-color wp-elements-864e5925a889a4bbe3d6f63dc1a9c289 is-layout-flex wp-container-core-columns-is-layout-28f84493 wp-block-columns-is-layout-flex\">\n<div class=\"wp-block-column is-vertically-aligned-center is-layout-flow wp-block-column-is-layout-flow\" style=\"flex-basis:33.33%\">\n<figure class=\"wp-block-image size-full\"><a href=\"https:\/\/edumartpro.vn\/?page_id=74\"><img decoding=\"async\" width=\"720\" height=\"720\" data-src=\"https:\/\/edumartpro.vn\/wp-content\/uploads\/2025\/08\/mayinthe.jpg\" alt=\"\" class=\"wp-image-487 lazyload\" data-srcset=\"https:\/\/edumartpro.vn\/wp-content\/uploads\/2025\/08\/mayinthe.jpg 720w, https:\/\/edumartpro.vn\/wp-content\/uploads\/2025\/08\/mayinthe-300x300.jpg 300w, https:\/\/edumartpro.vn\/wp-content\/uploads\/2025\/08\/mayinthe-150x150.jpg 150w\" data-sizes=\"(max-width: 720px) 100vw, 720px\" src=\"data:image\/svg+xml;base64,PHN2ZyB3aWR0aD0iMSIgaGVpZ2h0PSIxIiB4bWxucz0iaHR0cDovL3d3dy53My5vcmcvMjAwMC9zdmciPjwvc3ZnPg==\" style=\"--smush-placeholder-width: 720px; --smush-placeholder-aspect-ratio: 720\/720;\" \/><\/a><\/figure>\n<\/div>\n\n\n\n<div class=\"wp-block-column is-vertically-aligned-center is-layout-flow wp-block-column-is-layout-flow\" style=\"flex-basis:66.66%\">\n<p style=\"padding-top:var(--wp--preset--spacing--70);padding-right:var(--wp--preset--spacing--70);padding-bottom:var(--wp--preset--spacing--70);padding-left:var(--wp--preset--spacing--70)\"><strong>M\u00e1y In Th\u1ebb Nh\u1ef1a HS-SV-CBNV<\/strong><br>Gi\u00fap ch\u1ee7 \u0111\u1ed9ng trong vi\u1ec7c in \u1ea5n v\u00e0 ph\u00e1t h\u00e0nh th\u1ebb cho h\u1ecdc sinh \u2013 sinh vi\u00ean \u2013 CBNV nhanh ch\u00f3ng v\u00e0 chuy\u00ean nghi\u1ec7p. M\u00e1y c\u00f3 kh\u1ea3 n\u0103ng t\u00edch h\u1ee3p th\u00f4ng tin v\u00e0o th\u1ebb gi\u00fap t\u1ea1o ra th\u1ebb c\u00e1 nh\u00e2n h\u00f3a ph\u1ee5c v\u1ee5 \u0111i\u1ec3m danh, th\u01b0 vi\u1ec7n, ra v\u00e0o khu\u00f4n vi\u00ean. <a href=\"https:\/\/edumartpro.vn\/?page_id=74\"><mark style=\"background-color:rgba(0, 0, 0, 0)\" class=\"has-inline-color has-accent-color\">&gt;&gt;&gt;<\/mark><\/a><\/p>\n<\/div>\n<\/div>\n\n\n\n<div class=\"wp-block-columns alignwide are-vertically-aligned-center has-black-color has-background-color-background-color has-text-color has-background has-link-color wp-elements-f5d29821d5a2e3c7938d669c3e99f223 is-layout-flex wp-container-core-columns-is-layout-28f84493 wp-block-columns-is-layout-flex\">\n<div class=\"wp-block-column is-vertically-aligned-center is-layout-flow wp-block-column-is-layout-flow\" style=\"flex-basis:33.33%\">\n<figure class=\"wp-block-image size-large\"><a href=\"https:\/\/edumartpro.vn\/?page_id=82\"><img decoding=\"async\" width=\"1024\" height=\"1024\" data-src=\"https:\/\/edumartpro.vn\/wp-content\/uploads\/2025\/08\/Thietbi-1024x1024.jpg\" alt=\"\" class=\"wp-image-489 lazyload\" data-srcset=\"https:\/\/edumartpro.vn\/wp-content\/uploads\/2025\/08\/Thietbi-1024x1024.jpg 1024w, https:\/\/edumartpro.vn\/wp-content\/uploads\/2025\/08\/Thietbi-300x300.jpg 300w, https:\/\/edumartpro.vn\/wp-content\/uploads\/2025\/08\/Thietbi-150x150.jpg 150w, https:\/\/edumartpro.vn\/wp-content\/uploads\/2025\/08\/Thietbi-768x768.jpg 768w, https:\/\/edumartpro.vn\/wp-content\/uploads\/2025\/08\/Thietbi-1536x1536.jpg 1536w, https:\/\/edumartpro.vn\/wp-content\/uploads\/2025\/08\/Thietbi.jpg 2048w\" data-sizes=\"(max-width: 1024px) 100vw, 1024px\" src=\"data:image\/svg+xml;base64,PHN2ZyB3aWR0aD0iMSIgaGVpZ2h0PSIxIiB4bWxucz0iaHR0cDovL3d3dy53My5vcmcvMjAwMC9zdmciPjwvc3ZnPg==\" style=\"--smush-placeholder-width: 1024px; --smush-placeholder-aspect-ratio: 1024\/1024;\" \/><\/a><\/figure>\n<\/div>\n\n\n\n<div class=\"wp-block-column is-vertically-aligned-center is-layout-flow wp-block-column-is-layout-flow\" style=\"flex-basis:66.66%\">\n<p style=\"padding-top:var(--wp--preset--spacing--70);padding-right:var(--wp--preset--spacing--70);padding-bottom:var(--wp--preset--spacing--70);padding-left:var(--wp--preset--spacing--70)\"><strong>Gi\u1ea3i Ph\u00e1p V\u0103n Ph\u00f2ng<\/strong><br>Gi\u00fap t\u1ed1i \u01b0u h\u00f3a quy tr\u00ecnh v\u1eadn h\u00e0nh v\u00e0 n\u00e2ng cao hi\u1ec7u qu\u1ea3 qu\u1ea3n tr\u1ecb t\u1ed5ng th\u1ec3. C\u00e1c gi\u1ea3i ph\u00e1pnh\u01b0 gi\u00e1m s\u00e1t ki\u1ec3m so\u00e1t, ph\u1ea7n m\u1ec1m qu\u1ea3n l\u00fd, tra c\u1ee9u th\u00f4ng tin\u2026 mang \u0111\u1ebfn s\u1ef1 chuy\u00ean nghi\u1ec7p v\u00e0 ti\u1ec7n l\u1ee3i cho nh\u00e0 tr\u01b0\u1eddng. <a href=\"https:\/\/edumartpro.vn\/?page_id=82\"><mark style=\"background-color:rgba(0, 0, 0, 0)\" class=\"has-inline-color has-accent-color\">&gt;&gt;&gt;<\/mark><\/a><\/p>\n<\/div>\n<\/div>\n\n\n\n<div class=\"wp-block-columns alignwide are-vertically-aligned-center has-black-color has-background-color-background-color has-text-color has-background has-link-color wp-elements-052bfd5c3dedfb63eb009618ad065df5 is-layout-flex wp-container-core-columns-is-layout-28f84493 wp-block-columns-is-layout-flex\">\n<div class=\"wp-block-column is-vertically-aligned-center is-layout-flow wp-block-column-is-layout-flow\" style=\"flex-basis:33.33%\">\n<figure class=\"wp-block-image size-large\"><a href=\"https:\/\/edumartpro.vn\/?page_id=85\"><img decoding=\"async\" width=\"1024\" height=\"1024\" data-src=\"https:\/\/edumartpro.vn\/wp-content\/uploads\/2025\/07\/ThietbiEdu-1024x1024.png\" alt=\"\" class=\"wp-image-246 lazyload\" data-srcset=\"https:\/\/edumartpro.vn\/wp-content\/uploads\/2025\/07\/ThietbiEdu-1024x1024.png 1024w, https:\/\/edumartpro.vn\/wp-content\/uploads\/2025\/07\/ThietbiEdu-300x300.png 300w, https:\/\/edumartpro.vn\/wp-content\/uploads\/2025\/07\/ThietbiEdu-150x150.png 150w, https:\/\/edumartpro.vn\/wp-content\/uploads\/2025\/07\/ThietbiEdu-768x768.png 768w, https:\/\/edumartpro.vn\/wp-content\/uploads\/2025\/07\/ThietbiEdu-1536x1536.png 1536w, https:\/\/edumartpro.vn\/wp-content\/uploads\/2025\/07\/ThietbiEdu.png 2048w\" data-sizes=\"(max-width: 1024px) 100vw, 1024px\" src=\"data:image\/svg+xml;base64,PHN2ZyB3aWR0aD0iMSIgaGVpZ2h0PSIxIiB4bWxucz0iaHR0cDovL3d3dy53My5vcmcvMjAwMC9zdmciPjwvc3ZnPg==\" style=\"--smush-placeholder-width: 1024px; --smush-placeholder-aspect-ratio: 1024\/1024;\" \/><\/a><\/figure>\n<\/div>\n\n\n\n<div class=\"wp-block-column is-vertically-aligned-center is-layout-flow wp-block-column-is-layout-flow\" style=\"flex-basis:66.66%\">\n<p style=\"padding-top:var(--wp--preset--spacing--70);padding-right:var(--wp--preset--spacing--70);padding-bottom:var(--wp--preset--spacing--70);padding-left:var(--wp--preset--spacing--70)\"><strong>Gi\u1ea3i Ph\u00e1p Ph\u00f2ng Online<\/strong><br>Kh\u00f4ng ch\u1ec9 h\u1ed7 tr\u1ee3 d\u1ea1y \u2013 h\u1ecdc t\u1eeb xa, m\u00e0 c\u00f2n gi\u00fap l\u00e3nh \u0111\u1ea1o nh\u00e0 tr\u01b0\u1eddng \u0111i\u1ec1u h\u00e0nh, k\u1ebft n\u1ed1i v\u1edbi ph\u1ee5 huynh, gi\u00e1o vi\u00ean v\u00e0 \u0111\u1ed1i t\u00e1c m\u1ed9t c\u00e1ch d\u1ec5 d\u00e0ng. V\u1edbi c\u00f4ng ngh\u1ec7 hi\u1ec7n \u0111\u1ea1i, ph\u00f2ng tr\u1ef1c tuy\u1ebfn tr\u1edf n\u00ean sinh \u0111\u1ed9ng, hi\u1ec7u qu\u1ea3 cao. <a href=\"https:\/\/edumartpro.vn\/?page_id=85\"><mark style=\"background-color:rgba(0, 0, 0, 0)\" class=\"has-inline-color has-accent-color\">&gt;&gt;&gt;<\/mark><\/a><\/p>\n<\/div>\n<\/div>\n","protected":false},"excerpt":{"rendered":"<p>Trang Thi\u1ebft B\u1ecb Gi\u00e1o D\u1ee5c chuy\u00ean nghi\u1ec7p gi\u00fap nh\u00e0 tr\u01b0\u1eddng n\u00e2ng cao ch\u1ea5t l\u01b0\u1ee3ng gi\u1ea3ng d\u1ea1y v\u00e0 qu\u1ea3n l\u00fd to\u00e0n di\u1ec7n. T\u1eeb b\u1ea3ng t\u01b0\u01a1ng t\u00e1c, m\u00e1y chi\u1ebfu, thi\u1ebft b\u1ecb tr\u00ecnh chi\u1ebfu \u0111\u1ebfn h\u1ec7 th\u1ed1ng ph\u1ea7n m\u1ec1m qu\u1ea3n l\u00fd h\u1ecdc sinh \u2013 t\u1ea5t c\u1ea3 \u0111\u1ec1u g\u00f3p ph\u1ea7n x\u00e2y d\u1ef1ng m\u00f4i tr\u01b0\u1eddng [&hellip;]<\/p>\n","protected":false},"author":1,"featured_media":0,"parent":0,"menu_order":0,"comment_status":"closed","ping_status":"closed","template":"","meta":{"footnotes":""},"class_list":["post-294","page","type-page","status-publish","hentry"],"yoast_head":"<!-- This site is optimized with the Yoast SEO plugin v27.3 - https:\/\/yoast.com\/product\/yoast-seo-wordpress\/ -->\n<title>Gi\u1ea3i Ph\u00e1p Thi\u1ebft B\u1ecb Gi\u00e1o D\u1ee5c To\u00e0n Di\u1ec7n<\/title>\n<meta name=\"description\" content=\"Trang thi\u1ebft b\u1ecb gi\u00e1o d\u1ee5c chuy\u00ean nghi\u1ec7p \u2013 Gi\u1ea3i ph\u00e1p to\u00e0n di\u1ec7n n\u00e2ng cao ch\u1ea5t l\u01b0\u1ee3ng d\u1ea1y v\u00e0 h\u1ecdc cho nh\u00e0 tr\u01b0\u1eddng \u2013 \u0110\u1ed3ng h\u00e0nh c\u00f9ng s\u1ef1 ph\u00e1t tri\u1ec3n c\u1ee7a tri th\u1ee9c m\u1edbi.\" \/>\n<meta name=\"robots\" content=\"index, follow, max-snippet:-1, max-image-preview:large, max-video-preview:-1\" \/>\n<link rel=\"canonical\" href=\"https:\/\/edumartpro.vn\/?page_id=294\" \/>\n<meta property=\"og:locale\" content=\"vi_VN\" \/>\n<meta property=\"og:type\" content=\"article\" \/>\n<meta property=\"og:title\" content=\"Gi\u1ea3i Ph\u00e1p Thi\u1ebft B\u1ecb Gi\u00e1o D\u1ee5c To\u00e0n Di\u1ec7n\" \/>\n<meta property=\"og:description\" content=\"Trang thi\u1ebft b\u1ecb gi\u00e1o d\u1ee5c chuy\u00ean nghi\u1ec7p \u2013 Gi\u1ea3i ph\u00e1p to\u00e0n di\u1ec7n n\u00e2ng cao ch\u1ea5t l\u01b0\u1ee3ng d\u1ea1y v\u00e0 h\u1ecdc cho nh\u00e0 tr\u01b0\u1eddng \u2013 \u0110\u1ed3ng h\u00e0nh c\u00f9ng s\u1ef1 ph\u00e1t tri\u1ec3n c\u1ee7a tri th\u1ee9c m\u1edbi.\" \/>\n<meta property=\"og:url\" content=\"https:\/\/edumartpro.vn\/?page_id=294\" \/>\n<meta property=\"og:site_name\" content=\"EduMartPro\" \/>\n<meta property=\"article:modified_time\" content=\"2025-10-29T09:49:11+00:00\" \/>\n<meta property=\"og:image\" content=\"https:\/\/edumartpro.vn\/wp-content\/uploads\/2025\/07\/bang.jpg\" \/>\n\t<meta property=\"og:image:width\" content=\"2048\" \/>\n\t<meta property=\"og:image:height\" content=\"2048\" \/>\n\t<meta property=\"og:image:type\" content=\"image\/jpeg\" \/>\n<meta name=\"twitter:card\" content=\"summary_large_image\" \/>\n<meta name=\"twitter:label1\" content=\"\u01af\u1edbc t\u00ednh th\u1eddi gian \u0111\u1ecdc\" \/>\n\t<meta name=\"twitter:data1\" content=\"3 ph\u00fat\" \/>\n<script type=\"application\/ld+json\" class=\"yoast-schema-graph\">{\"@context\":\"https:\\\/\\\/schema.org\",\"@graph\":[{\"@type\":\"WebPage\",\"@id\":\"https:\\\/\\\/edumartpro.vn\\\/?page_id=294\",\"url\":\"https:\\\/\\\/edumartpro.vn\\\/?page_id=294\",\"name\":\"Gi\u1ea3i Ph\u00e1p Thi\u1ebft B\u1ecb Gi\u00e1o D\u1ee5c To\u00e0n Di\u1ec7n\",\"isPartOf\":{\"@id\":\"https:\\\/\\\/edumartpro.vn\\\/#website\"},\"primaryImageOfPage\":{\"@id\":\"https:\\\/\\\/edumartpro.vn\\\/?page_id=294#primaryimage\"},\"image\":{\"@id\":\"https:\\\/\\\/edumartpro.vn\\\/?page_id=294#primaryimage\"},\"thumbnailUrl\":\"https:\\\/\\\/edumartpro.vn\\\/wp-content\\\/uploads\\\/2025\\\/07\\\/bang-1024x1024.jpg\",\"datePublished\":\"2025-07-29T06:10:43+00:00\",\"dateModified\":\"2025-10-29T09:49:11+00:00\",\"description\":\"Trang thi\u1ebft b\u1ecb gi\u00e1o d\u1ee5c chuy\u00ean nghi\u1ec7p \u2013 Gi\u1ea3i ph\u00e1p to\u00e0n di\u1ec7n n\u00e2ng cao ch\u1ea5t l\u01b0\u1ee3ng d\u1ea1y v\u00e0 h\u1ecdc cho nh\u00e0 tr\u01b0\u1eddng \u2013 \u0110\u1ed3ng h\u00e0nh c\u00f9ng s\u1ef1 ph\u00e1t tri\u1ec3n c\u1ee7a tri th\u1ee9c m\u1edbi.\",\"breadcrumb\":{\"@id\":\"https:\\\/\\\/edumartpro.vn\\\/?page_id=294#breadcrumb\"},\"inLanguage\":\"vi\",\"potentialAction\":[{\"@type\":\"ReadAction\",\"target\":[\"https:\\\/\\\/edumartpro.vn\\\/?page_id=294\"]}]},{\"@type\":\"ImageObject\",\"inLanguage\":\"vi\",\"@id\":\"https:\\\/\\\/edumartpro.vn\\\/?page_id=294#primaryimage\",\"url\":\"https:\\\/\\\/edumartpro.vn\\\/wp-content\\\/uploads\\\/2025\\\/07\\\/bang.jpg\",\"contentUrl\":\"https:\\\/\\\/edumartpro.vn\\\/wp-content\\\/uploads\\\/2025\\\/07\\\/bang.jpg\",\"width\":2048,\"height\":2048},{\"@type\":\"BreadcrumbList\",\"@id\":\"https:\\\/\\\/edumartpro.vn\\\/?page_id=294#breadcrumb\",\"itemListElement\":[{\"@type\":\"ListItem\",\"position\":1,\"name\":\"Trang ch\u1ee7\",\"item\":\"https:\\\/\\\/edumartpro.vn\\\/\"},{\"@type\":\"ListItem\",\"position\":2,\"name\":\"TRANG THI\u1ebeT B\u1eca GI\u00c1O D\u1ee4C\"}]},{\"@type\":\"WebSite\",\"@id\":\"https:\\\/\\\/edumartpro.vn\\\/#website\",\"url\":\"https:\\\/\\\/edumartpro.vn\\\/\",\"name\":\"EduMartPro\",\"description\":\"\",\"publisher\":{\"@id\":\"https:\\\/\\\/edumartpro.vn\\\/#organization\"},\"potentialAction\":[{\"@type\":\"SearchAction\",\"target\":{\"@type\":\"EntryPoint\",\"urlTemplate\":\"https:\\\/\\\/edumartpro.vn\\\/?s={search_term_string}\"},\"query-input\":{\"@type\":\"PropertyValueSpecification\",\"valueRequired\":true,\"valueName\":\"search_term_string\"}}],\"inLanguage\":\"vi\"},{\"@type\":\"Organization\",\"@id\":\"https:\\\/\\\/edumartpro.vn\\\/#organization\",\"name\":\"EduMartPro\",\"url\":\"https:\\\/\\\/edumartpro.vn\\\/\",\"logo\":{\"@type\":\"ImageObject\",\"inLanguage\":\"vi\",\"@id\":\"https:\\\/\\\/edumartpro.vn\\\/#\\\/schema\\\/logo\\\/image\\\/\",\"url\":\"https:\\\/\\\/edumartpro.vn\\\/wp-content\\\/uploads\\\/2025\\\/07\\\/cropped-Edu_logo_Web.png\",\"contentUrl\":\"https:\\\/\\\/edumartpro.vn\\\/wp-content\\\/uploads\\\/2025\\\/07\\\/cropped-Edu_logo_Web.png\",\"width\":457,\"height\":304,\"caption\":\"EduMartPro\"},\"image\":{\"@id\":\"https:\\\/\\\/edumartpro.vn\\\/#\\\/schema\\\/logo\\\/image\\\/\"}}]}<\/script>\n<!-- \/ Yoast SEO plugin. -->","yoast_head_json":{"title":"Gi\u1ea3i Ph\u00e1p Thi\u1ebft B\u1ecb Gi\u00e1o D\u1ee5c To\u00e0n Di\u1ec7n","description":"Trang thi\u1ebft b\u1ecb gi\u00e1o d\u1ee5c chuy\u00ean nghi\u1ec7p \u2013 Gi\u1ea3i ph\u00e1p to\u00e0n di\u1ec7n n\u00e2ng cao ch\u1ea5t l\u01b0\u1ee3ng d\u1ea1y v\u00e0 h\u1ecdc cho nh\u00e0 tr\u01b0\u1eddng \u2013 \u0110\u1ed3ng h\u00e0nh c\u00f9ng s\u1ef1 ph\u00e1t tri\u1ec3n c\u1ee7a tri th\u1ee9c m\u1edbi.","robots":{"index":"index","follow":"follow","max-snippet":"max-snippet:-1","max-image-preview":"max-image-preview:large","max-video-preview":"max-video-preview:-1"},"canonical":"https:\/\/edumartpro.vn\/?page_id=294","og_locale":"vi_VN","og_type":"article","og_title":"Gi\u1ea3i Ph\u00e1p Thi\u1ebft B\u1ecb Gi\u00e1o D\u1ee5c To\u00e0n Di\u1ec7n","og_description":"Trang thi\u1ebft b\u1ecb gi\u00e1o d\u1ee5c chuy\u00ean nghi\u1ec7p \u2013 Gi\u1ea3i ph\u00e1p to\u00e0n di\u1ec7n n\u00e2ng cao ch\u1ea5t l\u01b0\u1ee3ng d\u1ea1y v\u00e0 h\u1ecdc cho nh\u00e0 tr\u01b0\u1eddng \u2013 \u0110\u1ed3ng h\u00e0nh c\u00f9ng s\u1ef1 ph\u00e1t tri\u1ec3n c\u1ee7a tri th\u1ee9c m\u1edbi.","og_url":"https:\/\/edumartpro.vn\/?page_id=294","og_site_name":"EduMartPro","article_modified_time":"2025-10-29T09:49:11+00:00","og_image":[{"width":2048,"height":2048,"url":"https:\/\/edumartpro.vn\/wp-content\/uploads\/2025\/07\/bang.jpg","type":"image\/jpeg"}],"twitter_card":"summary_large_image","twitter_misc":{"\u01af\u1edbc t\u00ednh th\u1eddi gian \u0111\u1ecdc":"3 ph\u00fat"},"schema":{"@context":"https:\/\/schema.org","@graph":[{"@type":"WebPage","@id":"https:\/\/edumartpro.vn\/?page_id=294","url":"https:\/\/edumartpro.vn\/?page_id=294","name":"Gi\u1ea3i Ph\u00e1p Thi\u1ebft B\u1ecb Gi\u00e1o D\u1ee5c To\u00e0n Di\u1ec7n","isPartOf":{"@id":"https:\/\/edumartpro.vn\/#website"},"primaryImageOfPage":{"@id":"https:\/\/edumartpro.vn\/?page_id=294#primaryimage"},"image":{"@id":"https:\/\/edumartpro.vn\/?page_id=294#primaryimage"},"thumbnailUrl":"https:\/\/edumartpro.vn\/wp-content\/uploads\/2025\/07\/bang-1024x1024.jpg","datePublished":"2025-07-29T06:10:43+00:00","dateModified":"2025-10-29T09:49:11+00:00","description":"Trang thi\u1ebft b\u1ecb gi\u00e1o d\u1ee5c chuy\u00ean nghi\u1ec7p \u2013 Gi\u1ea3i ph\u00e1p to\u00e0n di\u1ec7n n\u00e2ng cao ch\u1ea5t l\u01b0\u1ee3ng d\u1ea1y v\u00e0 h\u1ecdc cho nh\u00e0 tr\u01b0\u1eddng \u2013 \u0110\u1ed3ng h\u00e0nh c\u00f9ng s\u1ef1 ph\u00e1t tri\u1ec3n c\u1ee7a tri th\u1ee9c m\u1edbi.","breadcrumb":{"@id":"https:\/\/edumartpro.vn\/?page_id=294#breadcrumb"},"inLanguage":"vi","potentialAction":[{"@type":"ReadAction","target":["https:\/\/edumartpro.vn\/?page_id=294"]}]},{"@type":"ImageObject","inLanguage":"vi","@id":"https:\/\/edumartpro.vn\/?page_id=294#primaryimage","url":"https:\/\/edumartpro.vn\/wp-content\/uploads\/2025\/07\/bang.jpg","contentUrl":"https:\/\/edumartpro.vn\/wp-content\/uploads\/2025\/07\/bang.jpg","width":2048,"height":2048},{"@type":"BreadcrumbList","@id":"https:\/\/edumartpro.vn\/?page_id=294#breadcrumb","itemListElement":[{"@type":"ListItem","position":1,"name":"Trang ch\u1ee7","item":"https:\/\/edumartpro.vn\/"},{"@type":"ListItem","position":2,"name":"TRANG THI\u1ebeT B\u1eca GI\u00c1O D\u1ee4C"}]},{"@type":"WebSite","@id":"https:\/\/edumartpro.vn\/#website","url":"https:\/\/edumartpro.vn\/","name":"EduMartPro","description":"","publisher":{"@id":"https:\/\/edumartpro.vn\/#organization"},"potentialAction":[{"@type":"SearchAction","target":{"@type":"EntryPoint","urlTemplate":"https:\/\/edumartpro.vn\/?s={search_term_string}"},"query-input":{"@type":"PropertyValueSpecification","valueRequired":true,"valueName":"search_term_string"}}],"inLanguage":"vi"},{"@type":"Organization","@id":"https:\/\/edumartpro.vn\/#organization","name":"EduMartPro","url":"https:\/\/edumartpro.vn\/","logo":{"@type":"ImageObject","inLanguage":"vi","@id":"https:\/\/edumartpro.vn\/#\/schema\/logo\/image\/","url":"https:\/\/edumartpro.vn\/wp-content\/uploads\/2025\/07\/cropped-Edu_logo_Web.png","contentUrl":"https:\/\/edumartpro.vn\/wp-content\/uploads\/2025\/07\/cropped-Edu_logo_Web.png","width":457,"height":304,"caption":"EduMartPro"},"image":{"@id":"https:\/\/edumartpro.vn\/#\/schema\/logo\/image\/"}}]}},"jetpack_sharing_enabled":true,"_links":{"self":[{"href":"https:\/\/edumartpro.vn\/index.php?rest_route=\/wp\/v2\/pages\/294","targetHints":{"allow":["GET"]}}],"collection":[{"href":"https:\/\/edumartpro.vn\/index.php?rest_route=\/wp\/v2\/pages"}],"about":[{"href":"https:\/\/edumartpro.vn\/index.php?rest_route=\/wp\/v2\/types\/page"}],"author":[{"embeddable":true,"href":"https:\/\/edumartpro.vn\/index.php?rest_route=\/wp\/v2\/users\/1"}],"replies":[{"embeddable":true,"href":"https:\/\/edumartpro.vn\/index.php?rest_route=%2Fwp%2Fv2%2Fcomments&post=294"}],"version-history":[{"count":8,"href":"https:\/\/edumartpro.vn\/index.php?rest_route=\/wp\/v2\/pages\/294\/revisions"}],"predecessor-version":[{"id":491,"href":"https:\/\/edumartpro.vn\/index.php?rest_route=\/wp\/v2\/pages\/294\/revisions\/491"}],"wp:attachment":[{"href":"https:\/\/edumartpro.vn\/index.php?rest_route=%2Fwp%2Fv2%2Fmedia&parent=294"}],"curies":[{"name":"wp","href":"https:\/\/api.w.org\/{rel}","templated":true}]}}