{"id":291,"date":"2025-07-29T06:03:51","date_gmt":"2025-07-29T06:03:51","guid":{"rendered":"https:\/\/edumartpro.vn\/?page_id=291"},"modified":"2025-10-29T09:43:16","modified_gmt":"2025-10-29T09:43:16","slug":"bo-nhan-dien-thuong-hieu","status":"publish","type":"page","link":"https:\/\/edumartpro.vn\/?page_id=291","title":{"rendered":"B\u1ed8 NH\u1eacN DI\u1ec6N TH\u01af\u01a0NG HI\u1ec6U"},"content":{"rendered":"\n<p><strong>B\u1ed9 nh\u1eadn di\u1ec7n th\u01b0\u01a1ng hi\u1ec7u<\/strong> trong nh\u00e0 tr\u01b0\u1eddng kh\u00f4ng ch\u1ec9 l\u00e0 h\u00ecnh th\u1ee9c, m\u00e0 c\u00f2n th\u1ec3 hi\u1ec7n s\u1ef1 chuy\u00ean nghi\u1ec7p, g\u00f3p ph\u1ea7n \u0111\u1ecbnh h\u00ecnh b\u1ea3n s\u1eafc ri\u00eang bi\u1ec7t c\u1ee7a m\u00f4i tr\u01b0\u1eddng gi\u00e1o d\u1ee5c. T\u1eeb \u0111\u1ed3ng ph\u1ee5c, trang ph\u1ee5c gi\u1ea3ng vi\u00ean \u0111\u1ebfn th\u1ebb h\u1ecdc sinh \u2013 sinh vi\u00ean, m\u1ed7i y\u1ebfu t\u1ed1 \u0111\u1ec1u mang th\u00f4ng \u0111i\u1ec7p tr\u1ef1c quan v\u1ec1 tinh th\u1ea7n k\u1ef7 lu\u1eadt, ni\u1ec1m t\u1ef1 h\u00e0o v\u00e0 gi\u00e1 tr\u1ecb c\u1ed1t l\u00f5i c\u1ee7a nh\u00e0 tr\u01b0\u1eddng, g\u00f3p ph\u1ea7n chu\u1ea9n h\u00f3a quy tr\u00ecnh qu\u1ea3n l\u00fd v\u00e0 giao ti\u1ebfp h\u00e0ng ng\u00e0y.<\/p>\n\n\n\n<p>M\u1ed9t h\u1ec7 th\u1ed1ng nh\u1eadn di\u1ec7n ch\u1ec9n chu s\u1ebd n\u00e2ng t\u1ea7m h\u00ecnh \u1ea3nh tr\u01b0\u1eddng h\u1ecdc, ghi d\u1ea5u \u1ea5n chuy\u00ean nghi\u1ec7p trong m\u1eaft ph\u1ee5 huynh, h\u1ecdc sinh v\u00e0 to\u00e0n th\u1ec3 x\u00e3 h\u1ed9i.<\/p>\n\n\n\n<p><\/p>\n\n\n\n<div class=\"wp-block-columns alignwide are-vertically-aligned-center has-black-color has-background-color-background-color has-text-color has-background has-link-color wp-elements-167d2a0b2f98656787fb554a56dd099a is-layout-flex wp-container-core-columns-is-layout-28f84493 wp-block-columns-is-layout-flex\">\n<div class=\"wp-block-column is-vertically-aligned-center is-layout-flow wp-block-column-is-layout-flow\" style=\"flex-basis:33.33%\">\n<figure class=\"wp-block-image size-large\"><a href=\"https:\/\/edumartpro.vn\/?page_id=72\"><img fetchpriority=\"high\" decoding=\"async\" width=\"1024\" height=\"1024\" src=\"https:\/\/edumartpro.vn\/wp-content\/uploads\/2025\/07\/TrangphucEdu-1024x1024.png\" alt=\"\" class=\"wp-image-247\" srcset=\"https:\/\/edumartpro.vn\/wp-content\/uploads\/2025\/07\/TrangphucEdu-1024x1024.png 1024w, https:\/\/edumartpro.vn\/wp-content\/uploads\/2025\/07\/TrangphucEdu-300x300.png 300w, https:\/\/edumartpro.vn\/wp-content\/uploads\/2025\/07\/TrangphucEdu-150x150.png 150w, https:\/\/edumartpro.vn\/wp-content\/uploads\/2025\/07\/TrangphucEdu-768x768.png 768w, https:\/\/edumartpro.vn\/wp-content\/uploads\/2025\/07\/TrangphucEdu-1536x1536.png 1536w, https:\/\/edumartpro.vn\/wp-content\/uploads\/2025\/07\/TrangphucEdu.png 2048w\" sizes=\"(max-width: 1024px) 100vw, 1024px\" \/><\/a><\/figure>\n<\/div>\n\n\n\n<div class=\"wp-block-column is-vertically-aligned-center has-background-color-background-color has-background is-layout-flow wp-block-column-is-layout-flow\">\n<p style=\"padding-top:var(--wp--preset--spacing--70);padding-right:var(--wp--preset--spacing--70);padding-bottom:var(--wp--preset--spacing--70);padding-left:var(--wp--preset--spacing--70)\"><strong>Trang Ph\u1ee5c &#8211; \u0110\u1ed3ng Ph\u1ee5c<\/strong><br>Kh\u00f4ng ch\u1ec9 l\u00e0 quy \u0111\u1ecbnh, \u0110\u1ed3ng ph\u1ee5c c\u00f2n l\u00e0 bi\u1ec3u t\u01b0\u1ee3ng c\u1ee7a g\u1eafn k\u1ebft v\u00e0 ni\u1ec1m t\u1ef1 h\u00e0o c\u1ee7a t\u1eadp th\u1ec3. M\u1ed9t h\u1ec7 th\u1ed1ng \u0111\u1ed3ng ph\u1ee5c \u0111\u01b0\u1ee3c \u0111\u1ea7u t\u01b0 b\u00e0i b\u1ea3n ch\u00ednh l\u00e0 b\u01b0\u1edbc kh\u1edfi \u0111\u1ea7u cho m\u00f4i tr\u01b0\u1eddng gi\u00e1o d\u1ee5c hi\u1ec7n \u0111\u1ea1i v\u00e0 c\u00f3 chi\u1ec1u s\u00e2u v\u0103n ho\u00e1. <a href=\"https:\/\/edumartpro.vn\/?page_id=72\"><mark style=\"background-color:rgba(0, 0, 0, 0)\" class=\"has-inline-color has-accent-color\">&gt;&gt;&gt;<\/mark><\/a><\/p>\n<\/div>\n<\/div>\n\n\n\n<div class=\"wp-block-columns alignwide are-vertically-aligned-center has-black-color has-background-color-background-color has-text-color has-background has-link-color wp-elements-f56c2b1f1fc7197c7dc5470af179a690 is-layout-flex wp-container-core-columns-is-layout-28f84493 wp-block-columns-is-layout-flex\">\n<div class=\"wp-block-column is-vertically-aligned-center is-layout-flow wp-block-column-is-layout-flow\" style=\"flex-basis:33.33%\">\n<figure class=\"wp-block-image size-large\"><a href=\"https:\/\/edumartpro.vn\/?page_id=89\"><img decoding=\"async\" width=\"1024\" height=\"1024\" data-src=\"https:\/\/edumartpro.vn\/wp-content\/uploads\/2025\/07\/thesv-1024x1024.jpg\" alt=\"\" class=\"wp-image-224 lazyload\" data-srcset=\"https:\/\/edumartpro.vn\/wp-content\/uploads\/2025\/07\/thesv-1024x1024.jpg 1024w, https:\/\/edumartpro.vn\/wp-content\/uploads\/2025\/07\/thesv-300x300.jpg 300w, https:\/\/edumartpro.vn\/wp-content\/uploads\/2025\/07\/thesv-150x150.jpg 150w, https:\/\/edumartpro.vn\/wp-content\/uploads\/2025\/07\/thesv-768x768.jpg 768w, https:\/\/edumartpro.vn\/wp-content\/uploads\/2025\/07\/thesv-1536x1536.jpg 1536w, https:\/\/edumartpro.vn\/wp-content\/uploads\/2025\/07\/thesv.jpg 2048w\" data-sizes=\"(max-width: 1024px) 100vw, 1024px\" src=\"data:image\/svg+xml;base64,PHN2ZyB3aWR0aD0iMSIgaGVpZ2h0PSIxIiB4bWxucz0iaHR0cDovL3d3dy53My5vcmcvMjAwMC9zdmciPjwvc3ZnPg==\" style=\"--smush-placeholder-width: 1024px; --smush-placeholder-aspect-ratio: 1024\/1024;\" \/><\/a><\/figure>\n<\/div>\n\n\n\n<div class=\"wp-block-column is-vertically-aligned-center has-background-color-background-color has-background is-layout-flow wp-block-column-is-layout-flow\" style=\"flex-basis:66.66%\">\n<p style=\"padding-top:var(--wp--preset--spacing--70);padding-right:var(--wp--preset--spacing--70);padding-bottom:var(--wp--preset--spacing--70);padding-left:var(--wp--preset--spacing--70)\"><strong>Th\u1ebb H\u1ecdc sinh &#8211; Sinh vi\u00ean &#8211; CBNV<\/strong><br>L\u00e0 c\u00f4ng c\u1ee5 nh\u1eadn di\u1ec7n kh\u00f4ng th\u1ec3 thi\u1ebfu trong nh\u00e0 tr\u01b0\u1eddng, m\u1ed7i chi\u1ebfc th\u1ebb \u0111\u1ec1u g\u00f3p ph\u1ea7n n\u00e2ng cao t\u00ednh qu\u1ea3n l\u00fd chuy\u00ean nghi\u1ec7p v\u00e0 an ninh trong nh\u00e0 tr\u01b0\u1eddng. \u0110\u00e2y c\u0169ng l\u00e0 m\u1ed9t ph\u1ea7n quan tr\u1ecdng trong b\u1ed9 nh\u1eadn di\u1ec7n th\u01b0\u01a1ng hi\u1ec7u. <a href=\"https:\/\/edumartpro.vn\/?page_id=89\"><mark style=\"background-color:rgba(0, 0, 0, 0)\" class=\"has-inline-color has-accent-color\">>>><\/mark><\/a><\/p>\n<\/div>\n<\/div>\n\n\n\n<div class=\"wp-block-columns alignwide are-vertically-aligned-center has-black-color has-background-color-background-color has-text-color has-background has-link-color wp-elements-d96366d6e866cf0cd27a7a5e9d4afd4d is-layout-flex wp-container-core-columns-is-layout-28f84493 wp-block-columns-is-layout-flex\">\n<div class=\"wp-block-column is-vertically-aligned-center is-layout-flow wp-block-column-is-layout-flow\" style=\"flex-basis:33.33%\">\n<figure class=\"wp-block-image size-large\"><a href=\"https:\/\/edumartpro.vn\/?page_id=70\"><img decoding=\"async\" width=\"1024\" height=\"1024\" data-src=\"https:\/\/edumartpro.vn\/wp-content\/uploads\/2025\/08\/In-an-1024x1024.jpg\" alt=\"\" class=\"wp-image-483 lazyload\" data-srcset=\"https:\/\/edumartpro.vn\/wp-content\/uploads\/2025\/08\/In-an-1024x1024.jpg 1024w, https:\/\/edumartpro.vn\/wp-content\/uploads\/2025\/08\/In-an-300x300.jpg 300w, https:\/\/edumartpro.vn\/wp-content\/uploads\/2025\/08\/In-an-150x150.jpg 150w, https:\/\/edumartpro.vn\/wp-content\/uploads\/2025\/08\/In-an-768x768.jpg 768w, https:\/\/edumartpro.vn\/wp-content\/uploads\/2025\/08\/In-an-1536x1536.jpg 1536w, https:\/\/edumartpro.vn\/wp-content\/uploads\/2025\/08\/In-an.jpg 2048w\" data-sizes=\"(max-width: 1024px) 100vw, 1024px\" src=\"data:image\/svg+xml;base64,PHN2ZyB3aWR0aD0iMSIgaGVpZ2h0PSIxIiB4bWxucz0iaHR0cDovL3d3dy53My5vcmcvMjAwMC9zdmciPjwvc3ZnPg==\" style=\"--smush-placeholder-width: 1024px; --smush-placeholder-aspect-ratio: 1024\/1024;\" \/><\/a><\/figure>\n<\/div>\n\n\n\n<div class=\"wp-block-column is-vertically-aligned-center is-layout-flow wp-block-column-is-layout-flow\" style=\"flex-basis:66.66%\">\n<p style=\"padding-top:var(--wp--preset--spacing--70);padding-right:var(--wp--preset--spacing--70);padding-bottom:var(--wp--preset--spacing--70);padding-left:var(--wp--preset--spacing--70)\"><strong>S\u1ea3n Ph\u1ea9m In \u1ea4n<\/strong><br>Kh\u00f4ng ch\u1ec9 l\u00e0 c\u00e1c t\u00e0i li\u1ec7u h\u1ecdc t\u1eadp v\u00e0 gi\u00e1o tr\u00ecnh, c\u00e1c s\u1ea3n ph\u1ea9m in \u1ea5n trong nh\u00e0 tr\u01b0\u1eddng c\u00f2n bao g\u1ed3m c\u00e1c s\u1ea3n ph\u1ea9m truy\u1ec1n th\u00f4ng h\u1eefu \u00edch, g\u00f3p ph\u1ea7n x\u00e2y d\u1ef1ng h\u00ecnh \u1ea3nh, truy\u1ec1n t\u1ea3i th\u00f4ng tin v\u00e0 qu\u1ea3ng b\u00e1 th\u01b0\u01a1ng hi\u1ec7u m\u1ed9t c\u00e1ch hi\u1ec7u qu\u1ea3. <a href=\"https:\/\/edumartpro.vn\/?page_id=70\"><mark style=\"background-color:rgba(0, 0, 0, 0)\" class=\"has-inline-color has-accent-color\">&gt;&gt;&gt;<\/mark><\/a><\/p>\n<\/div>\n<\/div>\n\n\n\n<div class=\"wp-block-columns alignwide are-vertically-aligned-center has-black-color has-background-color-background-color has-text-color has-background has-link-color wp-elements-18eb77756e331df2554a4cf842ca1f64 is-layout-flex wp-container-core-columns-is-layout-28f84493 wp-block-columns-is-layout-flex\">\n<div class=\"wp-block-column is-vertically-aligned-center is-layout-flow wp-block-column-is-layout-flow\" style=\"flex-basis:33.33%\">\n<figure class=\"wp-block-image size-large\"><a href=\"https:\/\/edumartpro.vn\/?page_id=76\"><img decoding=\"async\" width=\"1024\" height=\"1024\" data-src=\"https:\/\/edumartpro.vn\/wp-content\/uploads\/2025\/08\/sukien-1024x1024.jpg\" alt=\"\" class=\"wp-image-485 lazyload\" data-srcset=\"https:\/\/edumartpro.vn\/wp-content\/uploads\/2025\/08\/sukien-1024x1024.jpg 1024w, https:\/\/edumartpro.vn\/wp-content\/uploads\/2025\/08\/sukien-300x300.jpg 300w, https:\/\/edumartpro.vn\/wp-content\/uploads\/2025\/08\/sukien-150x150.jpg 150w, https:\/\/edumartpro.vn\/wp-content\/uploads\/2025\/08\/sukien-768x768.jpg 768w, https:\/\/edumartpro.vn\/wp-content\/uploads\/2025\/08\/sukien-1536x1536.jpg 1536w, https:\/\/edumartpro.vn\/wp-content\/uploads\/2025\/08\/sukien.jpg 2048w\" data-sizes=\"(max-width: 1024px) 100vw, 1024px\" src=\"data:image\/svg+xml;base64,PHN2ZyB3aWR0aD0iMSIgaGVpZ2h0PSIxIiB4bWxucz0iaHR0cDovL3d3dy53My5vcmcvMjAwMC9zdmciPjwvc3ZnPg==\" style=\"--smush-placeholder-width: 1024px; --smush-placeholder-aspect-ratio: 1024\/1024;\" \/><\/a><\/figure>\n<\/div>\n\n\n\n<div class=\"wp-block-column is-vertically-aligned-center is-layout-flow wp-block-column-is-layout-flow\" style=\"flex-basis:66.66%\">\n<p style=\"padding-top:var(--wp--preset--spacing--70);padding-right:var(--wp--preset--spacing--70);padding-bottom:var(--wp--preset--spacing--70);padding-left:var(--wp--preset--spacing--70)\"><strong>V\u1eadt Ph\u1ea9m S\u1ef1 Ki\u1ec7n<\/strong><br>C\u00f3 vai tr\u00f2 quan tr\u1ecdng trong vi\u1ec7c t\u1ea1o d\u1ea5u \u1ea5n v\u00e0 n\u00e2ng t\u1ea7m h\u00ecnh \u1ea3nh cho c\u00e1c ho\u1ea1t \u0111\u1ed9ng c\u1ee7a nh\u00e0 tr\u01b0\u1eddng nh\u01b0 l\u1ec5 khai gi\u1ea3ng, t\u1ed1t nghi\u1ec7p, ng\u00e0y h\u1ed9i tuy\u1ec3n sinh hay tri \u00e2n th\u1ea7y c\u00f4. T\u1eeb \u00e1o thun, c\u1edd ph\u01b0\u1edbn, backdrop \u0111\u1ebfn s\u1ed5 tay, t\u00fai v\u1ea3i&#8230; <a href=\"https:\/\/edumartpro.vn\/?page_id=76\"><mark style=\"background-color:rgba(0, 0, 0, 0)\" class=\"has-inline-color has-accent-color\">&gt;&gt;&gt;<\/mark><\/a><\/p>\n<\/div>\n<\/div>\n\n\n\n<p><\/p>\n","protected":false},"excerpt":{"rendered":"<p>B\u1ed9 nh\u1eadn di\u1ec7n th\u01b0\u01a1ng hi\u1ec7u trong nh\u00e0 tr\u01b0\u1eddng kh\u00f4ng ch\u1ec9 l\u00e0 h\u00ecnh th\u1ee9c, m\u00e0 c\u00f2n th\u1ec3 hi\u1ec7n s\u1ef1 chuy\u00ean nghi\u1ec7p, g\u00f3p ph\u1ea7n \u0111\u1ecbnh h\u00ecnh b\u1ea3n s\u1eafc ri\u00eang bi\u1ec7t c\u1ee7a m\u00f4i tr\u01b0\u1eddng gi\u00e1o d\u1ee5c. T\u1eeb \u0111\u1ed3ng ph\u1ee5c, trang ph\u1ee5c gi\u1ea3ng vi\u00ean \u0111\u1ebfn th\u1ebb h\u1ecdc sinh \u2013 sinh vi\u00ean, m\u1ed7i y\u1ebfu t\u1ed1 [&hellip;]<\/p>\n","protected":false},"author":1,"featured_media":0,"parent":0,"menu_order":0,"comment_status":"closed","ping_status":"closed","template":"","meta":{"footnotes":""},"class_list":["post-291","page","type-page","status-publish","hentry"],"yoast_head":"<!-- This site is optimized with the Yoast SEO plugin v27.3 - https:\/\/yoast.com\/product\/yoast-seo-wordpress\/ -->\n<title>B\u1ed8 NH\u1eacN DI\u1ec6N TH\u01af\u01a0NG HI\u1ec6U<\/title>\n<meta name=\"description\" content=\"Gi\u1ea3i ph\u00e1p b\u1ed9 nh\u1eadn di\u1ec7n th\u01b0\u01a1ng hi\u1ec7u gi\u00e1o d\u1ee5c gi\u00fap nh\u00e0 tr\u01b0\u1eddng \u0111\u1ecbnh h\u00ecnh phong c\u00e1ch, t\u0103ng uy t\u00edn v\u00e0 k\u1ebft n\u1ed1i hi\u1ec7u qu\u1ea3 v\u1edbi h\u1ecdc sinh, ph\u1ee5 huynh.\" \/>\n<meta name=\"robots\" content=\"index, follow, max-snippet:-1, max-image-preview:large, max-video-preview:-1\" \/>\n<link rel=\"canonical\" href=\"https:\/\/edumartpro.vn\/?page_id=291\" \/>\n<meta property=\"og:locale\" content=\"vi_VN\" \/>\n<meta property=\"og:type\" content=\"article\" \/>\n<meta property=\"og:title\" content=\"B\u1ed8 NH\u1eacN DI\u1ec6N TH\u01af\u01a0NG HI\u1ec6U\" \/>\n<meta property=\"og:description\" content=\"Gi\u1ea3i ph\u00e1p b\u1ed9 nh\u1eadn di\u1ec7n th\u01b0\u01a1ng hi\u1ec7u gi\u00e1o d\u1ee5c gi\u00fap nh\u00e0 tr\u01b0\u1eddng \u0111\u1ecbnh h\u00ecnh phong c\u00e1ch, t\u0103ng uy t\u00edn v\u00e0 k\u1ebft n\u1ed1i hi\u1ec7u qu\u1ea3 v\u1edbi h\u1ecdc sinh, ph\u1ee5 huynh.\" \/>\n<meta property=\"og:url\" content=\"https:\/\/edumartpro.vn\/?page_id=291\" \/>\n<meta property=\"og:site_name\" content=\"EduMartPro\" \/>\n<meta property=\"article:modified_time\" content=\"2025-10-29T09:43:16+00:00\" \/>\n<meta property=\"og:image\" content=\"https:\/\/edumartpro.vn\/wp-content\/uploads\/2025\/07\/TrangphucEdu-1024x1024.png\" \/>\n\t<meta property=\"og:image:width\" content=\"1024\" \/>\n\t<meta property=\"og:image:height\" content=\"1024\" \/>\n\t<meta property=\"og:image:type\" content=\"image\/png\" \/>\n<meta name=\"twitter:card\" content=\"summary_large_image\" \/>\n<meta name=\"twitter:label1\" content=\"\u01af\u1edbc t\u00ednh th\u1eddi gian \u0111\u1ecdc\" \/>\n\t<meta name=\"twitter:data1\" content=\"3 ph\u00fat\" \/>\n<script type=\"application\/ld+json\" class=\"yoast-schema-graph\">{\"@context\":\"https:\\\/\\\/schema.org\",\"@graph\":[{\"@type\":\"WebPage\",\"@id\":\"https:\\\/\\\/edumartpro.vn\\\/?page_id=291\",\"url\":\"https:\\\/\\\/edumartpro.vn\\\/?page_id=291\",\"name\":\"B\u1ed8 NH\u1eacN DI\u1ec6N TH\u01af\u01a0NG HI\u1ec6U\",\"isPartOf\":{\"@id\":\"https:\\\/\\\/edumartpro.vn\\\/#website\"},\"primaryImageOfPage\":{\"@id\":\"https:\\\/\\\/edumartpro.vn\\\/?page_id=291#primaryimage\"},\"image\":{\"@id\":\"https:\\\/\\\/edumartpro.vn\\\/?page_id=291#primaryimage\"},\"thumbnailUrl\":\"https:\\\/\\\/edumartpro.vn\\\/wp-content\\\/uploads\\\/2025\\\/07\\\/TrangphucEdu-1024x1024.png\",\"datePublished\":\"2025-07-29T06:03:51+00:00\",\"dateModified\":\"2025-10-29T09:43:16+00:00\",\"description\":\"Gi\u1ea3i ph\u00e1p b\u1ed9 nh\u1eadn di\u1ec7n th\u01b0\u01a1ng hi\u1ec7u gi\u00e1o d\u1ee5c gi\u00fap nh\u00e0 tr\u01b0\u1eddng \u0111\u1ecbnh h\u00ecnh phong c\u00e1ch, t\u0103ng uy t\u00edn v\u00e0 k\u1ebft n\u1ed1i hi\u1ec7u qu\u1ea3 v\u1edbi h\u1ecdc sinh, ph\u1ee5 huynh.\",\"breadcrumb\":{\"@id\":\"https:\\\/\\\/edumartpro.vn\\\/?page_id=291#breadcrumb\"},\"inLanguage\":\"vi\",\"potentialAction\":[{\"@type\":\"ReadAction\",\"target\":[\"https:\\\/\\\/edumartpro.vn\\\/?page_id=291\"]}]},{\"@type\":\"ImageObject\",\"inLanguage\":\"vi\",\"@id\":\"https:\\\/\\\/edumartpro.vn\\\/?page_id=291#primaryimage\",\"url\":\"https:\\\/\\\/edumartpro.vn\\\/wp-content\\\/uploads\\\/2025\\\/07\\\/TrangphucEdu.png\",\"contentUrl\":\"https:\\\/\\\/edumartpro.vn\\\/wp-content\\\/uploads\\\/2025\\\/07\\\/TrangphucEdu.png\",\"width\":2048,\"height\":2048},{\"@type\":\"BreadcrumbList\",\"@id\":\"https:\\\/\\\/edumartpro.vn\\\/?page_id=291#breadcrumb\",\"itemListElement\":[{\"@type\":\"ListItem\",\"position\":1,\"name\":\"Trang ch\u1ee7\",\"item\":\"https:\\\/\\\/edumartpro.vn\\\/\"},{\"@type\":\"ListItem\",\"position\":2,\"name\":\"B\u1ed8 NH\u1eacN DI\u1ec6N TH\u01af\u01a0NG HI\u1ec6U\"}]},{\"@type\":\"WebSite\",\"@id\":\"https:\\\/\\\/edumartpro.vn\\\/#website\",\"url\":\"https:\\\/\\\/edumartpro.vn\\\/\",\"name\":\"EduMartPro\",\"description\":\"\",\"publisher\":{\"@id\":\"https:\\\/\\\/edumartpro.vn\\\/#organization\"},\"potentialAction\":[{\"@type\":\"SearchAction\",\"target\":{\"@type\":\"EntryPoint\",\"urlTemplate\":\"https:\\\/\\\/edumartpro.vn\\\/?s={search_term_string}\"},\"query-input\":{\"@type\":\"PropertyValueSpecification\",\"valueRequired\":true,\"valueName\":\"search_term_string\"}}],\"inLanguage\":\"vi\"},{\"@type\":\"Organization\",\"@id\":\"https:\\\/\\\/edumartpro.vn\\\/#organization\",\"name\":\"EduMartPro\",\"url\":\"https:\\\/\\\/edumartpro.vn\\\/\",\"logo\":{\"@type\":\"ImageObject\",\"inLanguage\":\"vi\",\"@id\":\"https:\\\/\\\/edumartpro.vn\\\/#\\\/schema\\\/logo\\\/image\\\/\",\"url\":\"https:\\\/\\\/edumartpro.vn\\\/wp-content\\\/uploads\\\/2025\\\/07\\\/cropped-Edu_logo_Web.png\",\"contentUrl\":\"https:\\\/\\\/edumartpro.vn\\\/wp-content\\\/uploads\\\/2025\\\/07\\\/cropped-Edu_logo_Web.png\",\"width\":457,\"height\":304,\"caption\":\"EduMartPro\"},\"image\":{\"@id\":\"https:\\\/\\\/edumartpro.vn\\\/#\\\/schema\\\/logo\\\/image\\\/\"}}]}<\/script>\n<!-- \/ Yoast SEO plugin. -->","yoast_head_json":{"title":"B\u1ed8 NH\u1eacN DI\u1ec6N TH\u01af\u01a0NG HI\u1ec6U","description":"Gi\u1ea3i ph\u00e1p b\u1ed9 nh\u1eadn di\u1ec7n th\u01b0\u01a1ng hi\u1ec7u gi\u00e1o d\u1ee5c gi\u00fap nh\u00e0 tr\u01b0\u1eddng \u0111\u1ecbnh h\u00ecnh phong c\u00e1ch, t\u0103ng uy t\u00edn v\u00e0 k\u1ebft n\u1ed1i hi\u1ec7u qu\u1ea3 v\u1edbi h\u1ecdc sinh, ph\u1ee5 huynh.","robots":{"index":"index","follow":"follow","max-snippet":"max-snippet:-1","max-image-preview":"max-image-preview:large","max-video-preview":"max-video-preview:-1"},"canonical":"https:\/\/edumartpro.vn\/?page_id=291","og_locale":"vi_VN","og_type":"article","og_title":"B\u1ed8 NH\u1eacN DI\u1ec6N TH\u01af\u01a0NG HI\u1ec6U","og_description":"Gi\u1ea3i ph\u00e1p b\u1ed9 nh\u1eadn di\u1ec7n th\u01b0\u01a1ng hi\u1ec7u gi\u00e1o d\u1ee5c gi\u00fap nh\u00e0 tr\u01b0\u1eddng \u0111\u1ecbnh h\u00ecnh phong c\u00e1ch, t\u0103ng uy t\u00edn v\u00e0 k\u1ebft n\u1ed1i hi\u1ec7u qu\u1ea3 v\u1edbi h\u1ecdc sinh, ph\u1ee5 huynh.","og_url":"https:\/\/edumartpro.vn\/?page_id=291","og_site_name":"EduMartPro","article_modified_time":"2025-10-29T09:43:16+00:00","og_image":[{"width":1024,"height":1024,"url":"https:\/\/edumartpro.vn\/wp-content\/uploads\/2025\/07\/TrangphucEdu-1024x1024.png","type":"image\/png"}],"twitter_card":"summary_large_image","twitter_misc":{"\u01af\u1edbc t\u00ednh th\u1eddi gian \u0111\u1ecdc":"3 ph\u00fat"},"schema":{"@context":"https:\/\/schema.org","@graph":[{"@type":"WebPage","@id":"https:\/\/edumartpro.vn\/?page_id=291","url":"https:\/\/edumartpro.vn\/?page_id=291","name":"B\u1ed8 NH\u1eacN DI\u1ec6N TH\u01af\u01a0NG HI\u1ec6U","isPartOf":{"@id":"https:\/\/edumartpro.vn\/#website"},"primaryImageOfPage":{"@id":"https:\/\/edumartpro.vn\/?page_id=291#primaryimage"},"image":{"@id":"https:\/\/edumartpro.vn\/?page_id=291#primaryimage"},"thumbnailUrl":"https:\/\/edumartpro.vn\/wp-content\/uploads\/2025\/07\/TrangphucEdu-1024x1024.png","datePublished":"2025-07-29T06:03:51+00:00","dateModified":"2025-10-29T09:43:16+00:00","description":"Gi\u1ea3i ph\u00e1p b\u1ed9 nh\u1eadn di\u1ec7n th\u01b0\u01a1ng hi\u1ec7u gi\u00e1o d\u1ee5c gi\u00fap nh\u00e0 tr\u01b0\u1eddng \u0111\u1ecbnh h\u00ecnh phong c\u00e1ch, t\u0103ng uy t\u00edn v\u00e0 k\u1ebft n\u1ed1i hi\u1ec7u qu\u1ea3 v\u1edbi h\u1ecdc sinh, ph\u1ee5 huynh.","breadcrumb":{"@id":"https:\/\/edumartpro.vn\/?page_id=291#breadcrumb"},"inLanguage":"vi","potentialAction":[{"@type":"ReadAction","target":["https:\/\/edumartpro.vn\/?page_id=291"]}]},{"@type":"ImageObject","inLanguage":"vi","@id":"https:\/\/edumartpro.vn\/?page_id=291#primaryimage","url":"https:\/\/edumartpro.vn\/wp-content\/uploads\/2025\/07\/TrangphucEdu.png","contentUrl":"https:\/\/edumartpro.vn\/wp-content\/uploads\/2025\/07\/TrangphucEdu.png","width":2048,"height":2048},{"@type":"BreadcrumbList","@id":"https:\/\/edumartpro.vn\/?page_id=291#breadcrumb","itemListElement":[{"@type":"ListItem","position":1,"name":"Trang ch\u1ee7","item":"https:\/\/edumartpro.vn\/"},{"@type":"ListItem","position":2,"name":"B\u1ed8 NH\u1eacN DI\u1ec6N TH\u01af\u01a0NG HI\u1ec6U"}]},{"@type":"WebSite","@id":"https:\/\/edumartpro.vn\/#website","url":"https:\/\/edumartpro.vn\/","name":"EduMartPro","description":"","publisher":{"@id":"https:\/\/edumartpro.vn\/#organization"},"potentialAction":[{"@type":"SearchAction","target":{"@type":"EntryPoint","urlTemplate":"https:\/\/edumartpro.vn\/?s={search_term_string}"},"query-input":{"@type":"PropertyValueSpecification","valueRequired":true,"valueName":"search_term_string"}}],"inLanguage":"vi"},{"@type":"Organization","@id":"https:\/\/edumartpro.vn\/#organization","name":"EduMartPro","url":"https:\/\/edumartpro.vn\/","logo":{"@type":"ImageObject","inLanguage":"vi","@id":"https:\/\/edumartpro.vn\/#\/schema\/logo\/image\/","url":"https:\/\/edumartpro.vn\/wp-content\/uploads\/2025\/07\/cropped-Edu_logo_Web.png","contentUrl":"https:\/\/edumartpro.vn\/wp-content\/uploads\/2025\/07\/cropped-Edu_logo_Web.png","width":457,"height":304,"caption":"EduMartPro"},"image":{"@id":"https:\/\/edumartpro.vn\/#\/schema\/logo\/image\/"}}]}},"jetpack_sharing_enabled":true,"_links":{"self":[{"href":"https:\/\/edumartpro.vn\/index.php?rest_route=\/wp\/v2\/pages\/291","targetHints":{"allow":["GET"]}}],"collection":[{"href":"https:\/\/edumartpro.vn\/index.php?rest_route=\/wp\/v2\/pages"}],"about":[{"href":"https:\/\/edumartpro.vn\/index.php?rest_route=\/wp\/v2\/types\/page"}],"author":[{"embeddable":true,"href":"https:\/\/edumartpro.vn\/index.php?rest_route=\/wp\/v2\/users\/1"}],"replies":[{"embeddable":true,"href":"https:\/\/edumartpro.vn\/index.php?rest_route=%2Fwp%2Fv2%2Fcomments&post=291"}],"version-history":[{"count":38,"href":"https:\/\/edumartpro.vn\/index.php?rest_route=\/wp\/v2\/pages\/291\/revisions"}],"predecessor-version":[{"id":486,"href":"https:\/\/edumartpro.vn\/index.php?rest_route=\/wp\/v2\/pages\/291\/revisions\/486"}],"wp:attachment":[{"href":"https:\/\/edumartpro.vn\/index.php?rest_route=%2Fwp%2Fv2%2Fmedia&parent=291"}],"curies":[{"name":"wp","href":"https:\/\/api.w.org\/{rel}","templated":true}]}}