{"id":178,"date":"2025-07-22T11:12:18","date_gmt":"2025-07-22T11:12:18","guid":{"rendered":"https:\/\/edumartpro.vn\/?page_id=178"},"modified":"2025-07-22T11:44:22","modified_gmt":"2025-07-22T11:44:22","slug":"lien-he","status":"publish","type":"page","link":"https:\/\/edumartpro.vn\/?page_id=178","title":{"rendered":"Li\u00ean h\u1ec7"},"content":{"rendered":"\n<p class=\"has-text-align-left\">M\u1ecdi nhu c\u1ea7u v\u00e0 th\u1eafc m\u1eafc, Qu\u00fd kh\u00e1ch h\u00e0ng vui l\u00f2ng li\u00ean h\u1ec7 v\u1edbi Ch\u00fang t\u00f4i theo th\u00f4ng tin c\u00f4ng ty ho\u1eb7c g\u1eedi th\u01b0 \u0111i\u1ec7n t\u1eed tr\u1ef1c ti\u1ebfp theo b\u1ea3ng b\u00ean d\u01b0\u1edbi, ch\u00fang t\u00f4i s\u1ebd ph\u1ea3n h\u1ed3i nhanh nh\u1ea5t.<\/p>\n\n\n\n<hr class=\"wp-block-separator has-alpha-channel-opacity\"\/>\n\n\n\n<div class=\"wp-block-contact-form-7-contact-form-selector\">\n<div class=\"wpcf7 no-js\" id=\"wpcf7-f181-o1\" lang=\"vi\" dir=\"ltr\" data-wpcf7-id=\"181\">\n<div class=\"screen-reader-response\"><p role=\"status\" aria-live=\"polite\" aria-atomic=\"true\"><\/p> <ul><\/ul><\/div>\n<form action=\"\/index.php?rest_route=%2Fwp%2Fv2%2Fpages%2F178#wpcf7-f181-o1\" method=\"post\" class=\"wpcf7-form init\" aria-label=\"Form li\u00ean h\u1ec7\" novalidate=\"novalidate\" data-status=\"init\">\n<fieldset class=\"hidden-fields-container\"><input type=\"hidden\" name=\"_wpcf7\" value=\"181\" \/><input type=\"hidden\" name=\"_wpcf7_version\" value=\"6.1.5\" \/><input type=\"hidden\" name=\"_wpcf7_locale\" value=\"vi\" \/><input type=\"hidden\" name=\"_wpcf7_unit_tag\" value=\"wpcf7-f181-o1\" \/><input type=\"hidden\" name=\"_wpcf7_container_post\" value=\"0\" \/><input type=\"hidden\" name=\"_wpcf7_posted_data_hash\" value=\"\" \/>\n<\/fieldset>\n<p><label> Your Name:<br \/>\n<span class=\"wpcf7-form-control-wrap\" data-name=\"your-name\"><input size=\"40\" maxlength=\"400\" class=\"wpcf7-form-control wpcf7-text wpcf7-validates-as-required\" autocomplete=\"name\" aria-required=\"true\" aria-invalid=\"false\" value=\"\" type=\"text\" name=\"your-name\" \/><\/span> <\/label>\n<\/p>\n<p><label> Your Phone\/ Email:<br \/>\n<span class=\"wpcf7-form-control-wrap\" data-name=\"your-email\"><input size=\"40\" maxlength=\"400\" class=\"wpcf7-form-control wpcf7-email wpcf7-validates-as-required wpcf7-text wpcf7-validates-as-email\" autocomplete=\"email\" aria-required=\"true\" aria-invalid=\"false\" value=\"\" type=\"email\" name=\"your-email\" \/><\/span> <\/label>\n<\/p>\n<p><label> Subject:<br \/>\n<span class=\"wpcf7-form-control-wrap\" data-name=\"your-subject\"><input size=\"40\" maxlength=\"400\" class=\"wpcf7-form-control wpcf7-text wpcf7-validates-as-required\" aria-required=\"true\" aria-invalid=\"false\" value=\"\" type=\"text\" name=\"your-subject\" \/><\/span> <\/label>\n<\/p>\n<p><label> Your Message:<br \/>\n<span class=\"wpcf7-form-control-wrap\" data-name=\"your-message\"><textarea cols=\"40\" rows=\"10\" maxlength=\"2000\" class=\"wpcf7-form-control wpcf7-textarea\" aria-invalid=\"false\" name=\"your-message\"><\/textarea><\/span> <\/label>\n<\/p>\n<p><input class=\"wpcf7-form-control wpcf7-submit has-spinner\" type=\"submit\" value=\"G\u1eedi\" \/>\n<\/p><p style=\"display: none !important;\" class=\"akismet-fields-container\" data-prefix=\"_wpcf7_ak_\"><label>&#916;<textarea name=\"_wpcf7_ak_hp_textarea\" cols=\"45\" rows=\"8\" maxlength=\"100\"><\/textarea><\/label><input type=\"hidden\" id=\"ak_js_1\" name=\"_wpcf7_ak_js\" value=\"3\"\/><script>document.getElementById( \"ak_js_1\" ).setAttribute( \"value\", ( new Date() ).getTime() );<\/script><\/p><div class=\"wpcf7-response-output\" aria-hidden=\"true\"><\/div>\n<\/form>\n<\/div>\n<\/div>\n\n\n\n<p><\/p>\n","protected":false},"excerpt":{"rendered":"<p>M\u1ecdi nhu c\u1ea7u v\u00e0 th\u1eafc m\u1eafc, Qu\u00fd kh\u00e1ch h\u00e0ng vui l\u00f2ng li\u00ean h\u1ec7 v\u1edbi Ch\u00fang t\u00f4i theo th\u00f4ng tin c\u00f4ng ty ho\u1eb7c g\u1eedi th\u01b0 \u0111i\u1ec7n t\u1eed tr\u1ef1c ti\u1ebfp theo b\u1ea3ng b\u00ean d\u01b0\u1edbi, ch\u00fang t\u00f4i s\u1ebd ph\u1ea3n h\u1ed3i nhanh nh\u1ea5t.<\/p>\n","protected":false},"author":1,"featured_media":0,"parent":0,"menu_order":0,"comment_status":"closed","ping_status":"closed","template":"","meta":{"footnotes":""},"class_list":["post-178","page","type-page","status-publish","hentry"],"yoast_head":"<!-- This site is optimized with the Yoast SEO plugin v27.3 - https:\/\/yoast.com\/product\/yoast-seo-wordpress\/ -->\n<title>Li\u00ean h\u1ec7 - EduMartPro<\/title>\n<meta name=\"robots\" content=\"index, follow, max-snippet:-1, max-image-preview:large, max-video-preview:-1\" \/>\n<link rel=\"canonical\" href=\"https:\/\/edumartpro.vn\/?page_id=178\" \/>\n<meta property=\"og:locale\" content=\"vi_VN\" \/>\n<meta property=\"og:type\" content=\"article\" \/>\n<meta property=\"og:title\" content=\"Li\u00ean h\u1ec7 - EduMartPro\" \/>\n<meta property=\"og:description\" content=\"M\u1ecdi nhu c\u1ea7u v\u00e0 th\u1eafc m\u1eafc, Qu\u00fd kh\u00e1ch h\u00e0ng vui l\u00f2ng li\u00ean h\u1ec7 v\u1edbi Ch\u00fang t\u00f4i theo th\u00f4ng tin c\u00f4ng ty ho\u1eb7c g\u1eedi th\u01b0 \u0111i\u1ec7n t\u1eed tr\u1ef1c ti\u1ebfp theo b\u1ea3ng b\u00ean d\u01b0\u1edbi, ch\u00fang t\u00f4i s\u1ebd ph\u1ea3n h\u1ed3i nhanh nh\u1ea5t.\" \/>\n<meta property=\"og:url\" content=\"https:\/\/edumartpro.vn\/?page_id=178\" \/>\n<meta property=\"og:site_name\" content=\"EduMartPro\" \/>\n<meta property=\"article:modified_time\" content=\"2025-07-22T11:44:22+00:00\" \/>\n<meta name=\"twitter:card\" content=\"summary_large_image\" \/>\n<meta name=\"twitter:label1\" content=\"\u01af\u1edbc t\u00ednh th\u1eddi gian \u0111\u1ecdc\" \/>\n\t<meta name=\"twitter:data1\" content=\"1 ph\u00fat\" \/>\n<script type=\"application\/ld+json\" class=\"yoast-schema-graph\">{\"@context\":\"https:\\\/\\\/schema.org\",\"@graph\":[{\"@type\":\"WebPage\",\"@id\":\"https:\\\/\\\/edumartpro.vn\\\/?page_id=178\",\"url\":\"https:\\\/\\\/edumartpro.vn\\\/?page_id=178\",\"name\":\"Li\u00ean h\u1ec7 - EduMartPro\",\"isPartOf\":{\"@id\":\"https:\\\/\\\/edumartpro.vn\\\/#website\"},\"datePublished\":\"2025-07-22T11:12:18+00:00\",\"dateModified\":\"2025-07-22T11:44:22+00:00\",\"breadcrumb\":{\"@id\":\"https:\\\/\\\/edumartpro.vn\\\/?page_id=178#breadcrumb\"},\"inLanguage\":\"vi\",\"potentialAction\":[{\"@type\":\"ReadAction\",\"target\":[\"https:\\\/\\\/edumartpro.vn\\\/?page_id=178\"]}]},{\"@type\":\"BreadcrumbList\",\"@id\":\"https:\\\/\\\/edumartpro.vn\\\/?page_id=178#breadcrumb\",\"itemListElement\":[{\"@type\":\"ListItem\",\"position\":1,\"name\":\"Trang ch\u1ee7\",\"item\":\"https:\\\/\\\/edumartpro.vn\\\/\"},{\"@type\":\"ListItem\",\"position\":2,\"name\":\"Li\u00ean h\u1ec7\"}]},{\"@type\":\"WebSite\",\"@id\":\"https:\\\/\\\/edumartpro.vn\\\/#website\",\"url\":\"https:\\\/\\\/edumartpro.vn\\\/\",\"name\":\"EduMartPro\",\"description\":\"\",\"publisher\":{\"@id\":\"https:\\\/\\\/edumartpro.vn\\\/#organization\"},\"potentialAction\":[{\"@type\":\"SearchAction\",\"target\":{\"@type\":\"EntryPoint\",\"urlTemplate\":\"https:\\\/\\\/edumartpro.vn\\\/?s={search_term_string}\"},\"query-input\":{\"@type\":\"PropertyValueSpecification\",\"valueRequired\":true,\"valueName\":\"search_term_string\"}}],\"inLanguage\":\"vi\"},{\"@type\":\"Organization\",\"@id\":\"https:\\\/\\\/edumartpro.vn\\\/#organization\",\"name\":\"EduMartPro\",\"url\":\"https:\\\/\\\/edumartpro.vn\\\/\",\"logo\":{\"@type\":\"ImageObject\",\"inLanguage\":\"vi\",\"@id\":\"https:\\\/\\\/edumartpro.vn\\\/#\\\/schema\\\/logo\\\/image\\\/\",\"url\":\"https:\\\/\\\/edumartpro.vn\\\/wp-content\\\/uploads\\\/2025\\\/07\\\/cropped-Edu_logo_Web.png\",\"contentUrl\":\"https:\\\/\\\/edumartpro.vn\\\/wp-content\\\/uploads\\\/2025\\\/07\\\/cropped-Edu_logo_Web.png\",\"width\":457,\"height\":304,\"caption\":\"EduMartPro\"},\"image\":{\"@id\":\"https:\\\/\\\/edumartpro.vn\\\/#\\\/schema\\\/logo\\\/image\\\/\"}}]}<\/script>\n<!-- \/ Yoast SEO plugin. -->","yoast_head_json":{"title":"Li\u00ean h\u1ec7 - EduMartPro","robots":{"index":"index","follow":"follow","max-snippet":"max-snippet:-1","max-image-preview":"max-image-preview:large","max-video-preview":"max-video-preview:-1"},"canonical":"https:\/\/edumartpro.vn\/?page_id=178","og_locale":"vi_VN","og_type":"article","og_title":"Li\u00ean h\u1ec7 - EduMartPro","og_description":"M\u1ecdi nhu c\u1ea7u v\u00e0 th\u1eafc m\u1eafc, Qu\u00fd kh\u00e1ch h\u00e0ng vui l\u00f2ng li\u00ean h\u1ec7 v\u1edbi Ch\u00fang t\u00f4i theo th\u00f4ng tin c\u00f4ng ty ho\u1eb7c g\u1eedi th\u01b0 \u0111i\u1ec7n t\u1eed tr\u1ef1c ti\u1ebfp theo b\u1ea3ng b\u00ean d\u01b0\u1edbi, ch\u00fang t\u00f4i s\u1ebd ph\u1ea3n h\u1ed3i nhanh nh\u1ea5t.","og_url":"https:\/\/edumartpro.vn\/?page_id=178","og_site_name":"EduMartPro","article_modified_time":"2025-07-22T11:44:22+00:00","twitter_card":"summary_large_image","twitter_misc":{"\u01af\u1edbc t\u00ednh th\u1eddi gian \u0111\u1ecdc":"1 ph\u00fat"},"schema":{"@context":"https:\/\/schema.org","@graph":[{"@type":"WebPage","@id":"https:\/\/edumartpro.vn\/?page_id=178","url":"https:\/\/edumartpro.vn\/?page_id=178","name":"Li\u00ean h\u1ec7 - EduMartPro","isPartOf":{"@id":"https:\/\/edumartpro.vn\/#website"},"datePublished":"2025-07-22T11:12:18+00:00","dateModified":"2025-07-22T11:44:22+00:00","breadcrumb":{"@id":"https:\/\/edumartpro.vn\/?page_id=178#breadcrumb"},"inLanguage":"vi","potentialAction":[{"@type":"ReadAction","target":["https:\/\/edumartpro.vn\/?page_id=178"]}]},{"@type":"BreadcrumbList","@id":"https:\/\/edumartpro.vn\/?page_id=178#breadcrumb","itemListElement":[{"@type":"ListItem","position":1,"name":"Trang ch\u1ee7","item":"https:\/\/edumartpro.vn\/"},{"@type":"ListItem","position":2,"name":"Li\u00ean h\u1ec7"}]},{"@type":"WebSite","@id":"https:\/\/edumartpro.vn\/#website","url":"https:\/\/edumartpro.vn\/","name":"EduMartPro","description":"","publisher":{"@id":"https:\/\/edumartpro.vn\/#organization"},"potentialAction":[{"@type":"SearchAction","target":{"@type":"EntryPoint","urlTemplate":"https:\/\/edumartpro.vn\/?s={search_term_string}"},"query-input":{"@type":"PropertyValueSpecification","valueRequired":true,"valueName":"search_term_string"}}],"inLanguage":"vi"},{"@type":"Organization","@id":"https:\/\/edumartpro.vn\/#organization","name":"EduMartPro","url":"https:\/\/edumartpro.vn\/","logo":{"@type":"ImageObject","inLanguage":"vi","@id":"https:\/\/edumartpro.vn\/#\/schema\/logo\/image\/","url":"https:\/\/edumartpro.vn\/wp-content\/uploads\/2025\/07\/cropped-Edu_logo_Web.png","contentUrl":"https:\/\/edumartpro.vn\/wp-content\/uploads\/2025\/07\/cropped-Edu_logo_Web.png","width":457,"height":304,"caption":"EduMartPro"},"image":{"@id":"https:\/\/edumartpro.vn\/#\/schema\/logo\/image\/"}}]}},"jetpack_sharing_enabled":true,"_links":{"self":[{"href":"https:\/\/edumartpro.vn\/index.php?rest_route=\/wp\/v2\/pages\/178","targetHints":{"allow":["GET"]}}],"collection":[{"href":"https:\/\/edumartpro.vn\/index.php?rest_route=\/wp\/v2\/pages"}],"about":[{"href":"https:\/\/edumartpro.vn\/index.php?rest_route=\/wp\/v2\/types\/page"}],"author":[{"embeddable":true,"href":"https:\/\/edumartpro.vn\/index.php?rest_route=\/wp\/v2\/users\/1"}],"replies":[{"embeddable":true,"href":"https:\/\/edumartpro.vn\/index.php?rest_route=%2Fwp%2Fv2%2Fcomments&post=178"}],"version-history":[{"count":12,"href":"https:\/\/edumartpro.vn\/index.php?rest_route=\/wp\/v2\/pages\/178\/revisions"}],"predecessor-version":[{"id":195,"href":"https:\/\/edumartpro.vn\/index.php?rest_route=\/wp\/v2\/pages\/178\/revisions\/195"}],"wp:attachment":[{"href":"https:\/\/edumartpro.vn\/index.php?rest_route=%2Fwp%2Fv2%2Fmedia&parent=178"}],"curies":[{"name":"wp","href":"https:\/\/api.w.org\/{rel}","templated":true}]}}