{"id":170,"date":"2025-07-22T10:39:55","date_gmt":"2025-07-22T10:39:55","guid":{"rendered":"https:\/\/edumartpro.vn\/?page_id=170"},"modified":"2025-07-29T10:45:31","modified_gmt":"2025-07-29T10:45:31","slug":"gioi-thieu-edumartpro","status":"publish","type":"page","link":"https:\/\/edumartpro.vn\/?page_id=170","title":{"rendered":"Gi\u1edbi Thi\u1ec7u EduMartPro"},"content":{"rendered":"\n<p>Trong b\u1ed1i c\u1ea3nh n\u1ec1n gi\u00e1o d\u1ee5c ng\u00e0y c\u00e0ng \u0111\u1ed5i m\u1edbi v\u00e0 c\u1ea1nh tranh. Vi\u1ec7c x\u00e2y d\u1ef1ng m\u1ed9t h\u00ecnh \u1ea3nh chuy\u00ean nghi\u1ec7p, hi\u1ec7n \u0111\u1ea1i kh\u00f4ng ch\u1ec9 th\u1ec3 hi\u1ec7n t\u1ea7m v\u00f3c c\u1ee7a m\u1ed9t ng\u00f4i tr\u01b0\u1eddng, m\u00e0 c\u00f2n l\u00e0 y\u1ebfu t\u1ed1 quan tr\u1ecdng t\u1ea1o ni\u1ec1m tin v\u00e0 thi\u1ec7n c\u1ea3m t\u1eeb ph\u00eda ph\u1ee5 huynh, h\u1ecdc sinh \u2013 sinh vi\u00ean, c\u0169ng nh\u01b0 x\u00e3 h\u1ed9i.<\/p>\n\n\n\n<p>M\u1ed9t t\u1ed5 ch\u1ee9c gi\u00e1o d\u1ee5c \u0111\u01b0\u1ee3c \u0111\u1ea7u t\u01b0 b\u00e0i b\u1ea3n t\u1eeb thi\u1ebft b\u1ecb gi\u1ea3ng d\u1ea1y th\u00f4ng minh, \u0111\u1ed3 d\u00f9ng tr\u1ef1c quan,\u2026 \u0111\u1ebfn nh\u1eefng chi ti\u1ebft t\u01b0\u1edfng ch\u1eebng nh\u1ecf nh\u01b0 b\u1ed9 nh\u1eadn di\u1ec7n th\u01b0\u01a1ng hi\u1ec7u hay c\u00e1c qu\u00e0 t\u1eb7ng truy\u1ec1n th\u00f4ng trong tuy\u1ec3n sinh, ch\u00ednh l\u00e0 minh ch\u1ee9ng r\u00f5 r\u00e0ng cho s\u1ef1 ch\u1ec9n chu, cam k\u1ebft ch\u1ea5t l\u01b0\u1ee3ng v\u00e0 kh\u00e1t v\u1ecdng ph\u00e1t tri\u1ec3n b\u1ec1n v\u1eefng.<\/p>\n\n\n\n<p><strong>EduMartPro.vn<\/strong>\u00a0\u0111\u00e3 ra \u0111\u1eddi v\u1edbi s\u1ee9 m\u1ec7nh \u0111\u1ed3ng h\u00e0nh c\u00f9ng c\u00e1c Tr\u01b0\u1eddng h\u1ecdc, T\u1ed5 ch\u1ee9c gi\u00e1o d\u1ee5c trong h\u00e0nh tr\u00ecnh \u0111\u00f3. L\u00e0 \u0111\u01a1n v\u1ecb chuy\u00ean cung c\u1ea5p thi\u1ebft b\u1ecb d\u1ea1y h\u1ecdc, b\u1ea3ng th\u00f4ng minh, gi\u1ea3i ph\u00e1p v\u0103n ph\u00f2ng, v\u00e0 qu\u00e0 t\u1eb7ng truy\u1ec1n th\u00f4ng chuy\u00ean nghi\u1ec7p, ch\u00fang t\u00f4i hi\u1ec3u r\u00f5 t\u1eebng nhu c\u1ea7u \u0111\u1eb7c th\u00f9 trong l\u0129nh v\u1ef1c gi\u00e1o d\u1ee5c.<\/p>\n\n\n\n<h5 class=\"wp-block-heading has-text-align-center\">C\u00e1c S\u1ea3n Ph\u1ea9m &#8211; Gi\u1ea3i Ph\u00e1p Ch\u00ednh C\u1ee7a EduMartPro<\/h5>\n\n\n\n<div class=\"wp-block-columns is-layout-flex wp-container-core-columns-is-layout-28f84493 wp-block-columns-is-layout-flex\">\n<div class=\"wp-block-column is-layout-flow wp-block-column-is-layout-flow\">\n<div class=\"wp-block-cover is-light has-custom-content-position is-position-bottom-center\"><img fetchpriority=\"high\" decoding=\"async\" width=\"1024\" height=\"1024\" class=\"wp-block-cover__image-background wp-image-246\" alt=\"\" src=\"https:\/\/edumartpro.vn\/wp-content\/uploads\/2025\/07\/ThietbiEdu-1024x1024.png\" data-object-fit=\"cover\" srcset=\"https:\/\/edumartpro.vn\/wp-content\/uploads\/2025\/07\/ThietbiEdu-1024x1024.png 1024w, https:\/\/edumartpro.vn\/wp-content\/uploads\/2025\/07\/ThietbiEdu-300x300.png 300w, https:\/\/edumartpro.vn\/wp-content\/uploads\/2025\/07\/ThietbiEdu-150x150.png 150w, https:\/\/edumartpro.vn\/wp-content\/uploads\/2025\/07\/ThietbiEdu-768x768.png 768w, https:\/\/edumartpro.vn\/wp-content\/uploads\/2025\/07\/ThietbiEdu-1536x1536.png 1536w, https:\/\/edumartpro.vn\/wp-content\/uploads\/2025\/07\/ThietbiEdu.png 2048w\" sizes=\"(max-width: 1024px) 100vw, 1024px\" \/><span aria-hidden=\"true\" class=\"wp-block-cover__background has-background-dim-0 has-background-dim\"><\/span><div class=\"wp-block-cover__inner-container is-layout-flow wp-block-cover-is-layout-flow\">\n<p class=\"has-text-align-center has-white-color has-text-color has-link-color has-medium-font-size wp-elements-e533a9568ec5968c622e110d513d9e9e\"><strong><a href=\"https:\/\/edumartpro.vn\/?page_id=16\"><mark style=\"background-color:rgba(0, 0, 0, 0)\" class=\"has-inline-color has-white-color\">TRANG THI\u1ebeT B\u1eca<\/mark><\/a><\/strong><\/p>\n<\/div><\/div>\n<\/div>\n\n\n\n<div class=\"wp-block-column is-layout-flow wp-block-column-is-layout-flow\">\n<div class=\"wp-block-cover has-custom-content-position is-position-bottom-center\"><img decoding=\"async\" width=\"1024\" height=\"1024\" class=\"wp-block-cover__image-background wp-image-247 lazyload\" alt=\"\" data-src=\"https:\/\/edumartpro.vn\/wp-content\/uploads\/2025\/07\/TrangphucEdu-1024x1024.png\" data-object-fit=\"cover\" data-srcset=\"https:\/\/edumartpro.vn\/wp-content\/uploads\/2025\/07\/TrangphucEdu-1024x1024.png 1024w, https:\/\/edumartpro.vn\/wp-content\/uploads\/2025\/07\/TrangphucEdu-300x300.png 300w, https:\/\/edumartpro.vn\/wp-content\/uploads\/2025\/07\/TrangphucEdu-150x150.png 150w, https:\/\/edumartpro.vn\/wp-content\/uploads\/2025\/07\/TrangphucEdu-768x768.png 768w, https:\/\/edumartpro.vn\/wp-content\/uploads\/2025\/07\/TrangphucEdu-1536x1536.png 1536w, https:\/\/edumartpro.vn\/wp-content\/uploads\/2025\/07\/TrangphucEdu.png 2048w\" data-sizes=\"(max-width: 1024px) 100vw, 1024px\" src=\"data:image\/svg+xml;base64,PHN2ZyB3aWR0aD0iMSIgaGVpZ2h0PSIxIiB4bWxucz0iaHR0cDovL3d3dy53My5vcmcvMjAwMC9zdmciPjwvc3ZnPg==\" style=\"--smush-placeholder-width: 1024px; --smush-placeholder-aspect-ratio: 1024\/1024;\" \/><span aria-hidden=\"true\" class=\"wp-block-cover__background has-background-dim-0 has-background-dim\"><\/span><div class=\"wp-block-cover__inner-container is-layout-flow wp-block-cover-is-layout-flow\">\n<p class=\"has-text-align-center has-white-color has-text-color has-link-color has-medium-font-size wp-elements-b96f4d0ce17562f0d809ca3f8f5b8fa4\"><strong><a href=\"https:\/\/edumartpro.vn\/?page_id=15\"><mark style=\"background-color:rgba(0, 0, 0, 0)\" class=\"has-inline-color has-white-color\">B\u1ed8 NH\u1eacN DI\u1ec6N<\/mark><\/a><\/strong><\/p>\n<\/div><\/div>\n<\/div>\n\n\n\n<div class=\"wp-block-column is-layout-flow wp-block-column-is-layout-flow\">\n<div class=\"wp-block-cover is-light has-custom-content-position is-position-bottom-center has-white-color has-text-color has-link-color wp-elements-6d341771904960b89a1f4bbf38dc6bd5\"><img decoding=\"async\" class=\"wp-block-cover__image-background wp-image-249 lazyload\" alt=\"\" data-src=\"https:\/\/edumartpro.vn\/wp-content\/uploads\/2025\/07\/GiftEdu-1-1024x1024.png\" data-object-fit=\"cover\" src=\"data:image\/svg+xml;base64,PHN2ZyB3aWR0aD0iMSIgaGVpZ2h0PSIxIiB4bWxucz0iaHR0cDovL3d3dy53My5vcmcvMjAwMC9zdmciPjwvc3ZnPg==\" style=\"--smush-placeholder-width: 1024px; --smush-placeholder-aspect-ratio: 1024\/1024;\" \/><span aria-hidden=\"true\" class=\"wp-block-cover__background has-background-dim-0 has-background-dim\"><\/span><div class=\"wp-block-cover__inner-container is-layout-flow wp-block-cover-is-layout-flow\">\n<p class=\"has-text-align-center has-white-color has-text-color has-link-color has-medium-font-size wp-elements-bc4190d8f89a4ed5d216b86128fca988\"><strong><a href=\"https:\/\/edumartpro.vn\/?page_id=3\"><mark style=\"background-color:rgba(0, 0, 0, 0)\" class=\"has-inline-color has-white-color\">QU\u00c0 T\u1eb6NG GI\u00c1O D\u1ee4C<\/mark><\/a><\/strong><\/p>\n<\/div><\/div>\n<\/div>\n<\/div>\n\n\n\n<div style=\"height:46px\" aria-hidden=\"true\" class=\"wp-block-spacer\"><\/div>\n\n\n\n<p>Ti\u1ec1n th\u00e2n v\u1edbi kinh nghi\u1ec7m h\u01a1n 05 n\u0103m l\u00e0 m\u1ea3ng ch\u0103m s\u00f3c kh\u00e1ch h\u00e0ng Gi\u00e1o d\u1ee5c thu\u1ed9c C\u00f4ng ty C\u1ed5 ph\u1ea7n \u0110\u1ea7u t\u01b0 Th\u01b0\u01a1ng m\u1ea1i Qu\u1ea3ng c\u00e1o\u00a0<strong><a href=\"https:\/\/shinad.vn\/\"><mark style=\"background-color:rgba(0, 0, 0, 0)\" class=\"has-inline-color has-black-color\">SHINAD<\/mark><\/a><\/strong>\u00a0\u2013 \u0111\u01a1n v\u1ecb chuy\u00ean t\u01b0 v\u1ea5n, cung c\u1ea5p thi\u1ebft b\u1ecb c\u00f4ng ngh\u1ec7 to\u00e0n di\u1ec7n, v\u00e0 c\u00e1c s\u1ea3n ph\u1ea9m nh\u1eadn di\u1ec7n, qu\u1ea3ng b\u00e1 th\u01b0\u01a1ng hi\u1ec7u cho kh\u00e1ch h\u00e0ng \u0111a l\u0129nh v\u1ef1c. EduMartPro.vn h\u1ed9i t\u1ee5 \u0111\u1ea7y \u0111\u1ee7 n\u0103ng l\u1ef1c, kinh nghi\u1ec7m v\u00e0 s\u1ef1 t\u1eadn t\u00e2m \u0111\u1ec3 tr\u1edf th\u00e0nh \u0111\u1ed1i t\u00e1c tin c\u1eady c\u1ee7a c\u00e1c Tr\u01b0\u1eddng h\u1ecdc, Trung t\u00e2m v\u00e0 H\u1ec7 th\u1ed1ng Gi\u00e1o d\u1ee5c tr\u00ean c\u1ea3 n\u01b0\u1edbc.<\/p>\n\n\n\n<p>\u0110\u1ed1i t\u00e1c \u2013 Kh\u00e1ch h\u00e0ng c\u1ee7a ch\u00fang t\u00f4i \u0111\u00e3 v\u00e0 \u0111ang l\u00e0 c\u00e1c \u0110\u01a1n v\u1ecb gi\u00e1o d\u1ee5c uy t\u00edn hi\u1ec7n nay nh\u01b0: Tr\u01b0\u1eddng \u0110\u1ea1i H\u1ecdc C\u00f4ng Nghi\u1ec7p TP HCM (<strong>IUH<\/strong>), Tr\u01b0\u1eddng \u0110\u1ea1i H\u1ecdc Ngo\u1ea1i Ng\u1eef Tin H\u1ecdc TP HCM (<strong>HUFLIT<\/strong>), Chu\u1ed7i tr\u01b0\u1eddng FPT Polytechnic \u2013\u00a0<strong>FPT Education<\/strong>, h\u1ec7 th\u1ed1ng Gi\u00e1o d\u1ee5c\u00a0<strong>S.E.T<\/strong>, v\u00e0 nhi\u1ec1u \u0111\u01a1n v\u1ecb t\u1ed5 ch\u1ee9c gi\u00e1o d\u1ee5c tr\u00ean c\u1ea3 n\u01b0\u1edbc.<\/p>\n\n\n\n<p>Ch\u00fang t\u00f4i r\u1ea5t mong c\u00f3 c\u01a1 h\u1ed9i \u0111\u01b0\u1ee3c l\u1eafng nghe, t\u01b0 v\u1ea5n v\u00e0 \u0111\u1ed3ng h\u00e0nh c\u00f9ng Qu\u00fd \u0111\u01a1n v\u1ecb trong c\u00e1c ho\u1ea1t \u0111\u1ed9ng \u0111\u1ea7u t\u01b0 c\u01a1 s\u1edf v\u1eadt ch\u1ea5t, truy\u1ec1n th\u00f4ng h\u00ecnh \u1ea3nh \u2013 v\u00ec m\u1ed9t m\u00f4i tr\u01b0\u1eddng gi\u00e1o d\u1ee5c chuy\u00ean nghi\u1ec7p, hi\u1ec7n \u0111\u1ea1i v\u00e0 t\u1ea1o d\u1ea5u \u1ea5n kh\u00e1c bi\u1ec7t.<\/p>\n\n\n\n<p>Tr\u00e2n tr\u1ecdng c\u1ea3m \u01a1n v\u00e0 k\u00ednh ch\u00fac Qu\u00fd Tr\u01b0\u1eddng\/\u0110\u01a1n v\u1ecb lu\u00f4n ph\u00e1t tri\u1ec3n v\u1eefng m\u1ea1nh!<\/p>\n\n\n\n<hr class=\"wp-block-separator has-alpha-channel-opacity\"\/>\n\n\n\n<p>\ud83d\udcde <strong><mark style=\"background-color:rgba(0, 0, 0, 0)\" class=\"has-inline-color has-accent-color\">Li\u00ean h\u1ec7 ngay \u0111\u1ec3 \u0111\u01b0\u1ee3c t\u01b0 v\u1ea5n &amp; b\u00e1o gi\u00e1 nh\u1eefng gi\u1ea3i ph\u00e1p t\u1ed1i \u01b0u nh\u1ea5t!<\/mark><\/strong><\/p>\n\n\n\n<ul class=\"wp-block-list\">\n<li><mark style=\"background-color:rgba(0, 0, 0, 0)\" class=\"has-inline-color has-accent-color\"><strong>Hotline:<\/strong> 08.3388.9788 (Qu\u00e0 t\u1eb7ng &amp; B\u1ed9 nh\u1eadn di\u1ec7n th\u01b0\u01a1ng hi\u1ec7u)<\/mark><\/li>\n\n\n\n<li><mark style=\"background-color:rgba(0, 0, 0, 0)\" class=\"has-inline-color has-accent-color\"><strong>Hotline:<\/strong> 0987.154.474 (Thi\u1ebft b\u1ecb &amp; Gi\u1ea3i ph\u00e1p)<\/mark><\/li>\n\n\n\n<li><mark style=\"background-color:rgba(0, 0, 0, 0)\" class=\"has-inline-color has-accent-color\"><strong>Email:<\/strong> Sales@edumartpro.vn<\/mark><\/li>\n\n\n\n<li><mark style=\"background-color:rgba(0, 0, 0, 0)\" class=\"has-inline-color has-accent-color\"><strong>Website:<\/strong> www.edumartpro.vn<\/mark><\/li>\n\n\n\n<li><mark style=\"background-color:rgba(0, 0, 0, 0)\" class=\"has-inline-color has-accent-color\"><strong>Facebook:<\/strong><\/mark><a href=\"https:\/\/www.facebook.com\/EduMartPro\"> EduMartPro.vn<\/a><\/li>\n<\/ul>\n\n\n\n<p><\/p>\n","protected":false},"excerpt":{"rendered":"<p>Trong b\u1ed1i c\u1ea3nh n\u1ec1n gi\u00e1o d\u1ee5c ng\u00e0y c\u00e0ng \u0111\u1ed5i m\u1edbi v\u00e0 c\u1ea1nh tranh. Vi\u1ec7c x\u00e2y d\u1ef1ng m\u1ed9t h\u00ecnh \u1ea3nh chuy\u00ean nghi\u1ec7p, hi\u1ec7n \u0111\u1ea1i kh\u00f4ng ch\u1ec9 th\u1ec3 hi\u1ec7n t\u1ea7m v\u00f3c c\u1ee7a m\u1ed9t ng\u00f4i tr\u01b0\u1eddng, m\u00e0 c\u00f2n l\u00e0 y\u1ebfu t\u1ed1 quan tr\u1ecdng t\u1ea1o ni\u1ec1m tin v\u00e0 thi\u1ec7n c\u1ea3m t\u1eeb ph\u00eda ph\u1ee5 huynh, [&hellip;]<\/p>\n","protected":false},"author":1,"featured_media":0,"parent":0,"menu_order":0,"comment_status":"closed","ping_status":"closed","template":"","meta":{"footnotes":""},"class_list":["post-170","page","type-page","status-publish","hentry"],"yoast_head":"<!-- This site is optimized with the Yoast SEO plugin v27.3 - https:\/\/yoast.com\/product\/yoast-seo-wordpress\/ -->\n<title>Gi\u1edbi Thi\u1ec7u EduMartPro<\/title>\n<meta name=\"description\" content=\"H\u01a1n 05 n\u0103m kinh nghi\u1ec7m trong l\u0129nh v\u1ef1c T\u01b0 v\u1ea5n, cung c\u1ea5p thi\u1ebft b\u1ecb c\u00f4ng ngh\u1ec7 to\u00e0n di\u1ec7n, v\u00e0 c\u00e1c s\u1ea3n ph\u1ea9m nh\u1eadn di\u1ec7n, qu\u1ea3ng b\u00e1 th\u01b0\u01a1ng hi\u1ec7u \u2013 EduMartPro.vn h\u1ed9i t\u1ee5 \u0111\u1ea7y \u0111\u1ee7 n\u0103ng l\u1ef1c, kinh nghi\u1ec7m v\u00e0 s\u1ef1 t\u1eadn t\u00e2m \u0111\u1ec3 tr\u1edf th\u00e0nh \u0111\u1ed1i t\u00e1c tin c\u1eady c\u1ee7a c\u00e1c Tr\u01b0\u1eddng h\u1ecdc, Trung t\u00e2m v\u00e0 H\u1ec7 th\u1ed1ng Gi\u00e1o d\u1ee5c tr\u00ean c\u1ea3 n\u01b0\u1edbc\" \/>\n<meta name=\"robots\" content=\"index, follow, max-snippet:-1, max-image-preview:large, max-video-preview:-1\" \/>\n<link rel=\"canonical\" href=\"https:\/\/edumartpro.vn\/?page_id=170\" \/>\n<meta property=\"og:locale\" content=\"vi_VN\" \/>\n<meta property=\"og:type\" content=\"article\" \/>\n<meta property=\"og:title\" content=\"Gi\u1edbi Thi\u1ec7u EduMartPro\" \/>\n<meta property=\"og:description\" content=\"H\u01a1n 05 n\u0103m kinh nghi\u1ec7m trong l\u0129nh v\u1ef1c T\u01b0 v\u1ea5n, cung c\u1ea5p thi\u1ebft b\u1ecb c\u00f4ng ngh\u1ec7 to\u00e0n di\u1ec7n, v\u00e0 c\u00e1c s\u1ea3n ph\u1ea9m nh\u1eadn di\u1ec7n, qu\u1ea3ng b\u00e1 th\u01b0\u01a1ng hi\u1ec7u \u2013 EduMartPro.vn h\u1ed9i t\u1ee5 \u0111\u1ea7y \u0111\u1ee7 n\u0103ng l\u1ef1c, kinh nghi\u1ec7m v\u00e0 s\u1ef1 t\u1eadn t\u00e2m \u0111\u1ec3 tr\u1edf th\u00e0nh \u0111\u1ed1i t\u00e1c tin c\u1eady c\u1ee7a c\u00e1c Tr\u01b0\u1eddng h\u1ecdc, Trung t\u00e2m v\u00e0 H\u1ec7 th\u1ed1ng Gi\u00e1o d\u1ee5c tr\u00ean c\u1ea3 n\u01b0\u1edbc\" \/>\n<meta property=\"og:url\" content=\"https:\/\/edumartpro.vn\/?page_id=170\" \/>\n<meta property=\"og:site_name\" content=\"EduMartPro\" \/>\n<meta property=\"article:modified_time\" content=\"2025-07-29T10:45:31+00:00\" \/>\n<meta property=\"og:image\" content=\"https:\/\/edumartpro.vn\/wp-content\/uploads\/2025\/07\/ThietbiEdu-1024x1024.png\" \/>\n\t<meta property=\"og:image:width\" content=\"1024\" \/>\n\t<meta property=\"og:image:height\" content=\"1024\" \/>\n\t<meta property=\"og:image:type\" content=\"image\/png\" \/>\n<meta name=\"twitter:card\" content=\"summary_large_image\" \/>\n<meta name=\"twitter:label1\" content=\"\u01af\u1edbc t\u00ednh th\u1eddi gian \u0111\u1ecdc\" \/>\n\t<meta name=\"twitter:data1\" content=\"4 ph\u00fat\" \/>\n<script type=\"application\/ld+json\" class=\"yoast-schema-graph\">{\"@context\":\"https:\\\/\\\/schema.org\",\"@graph\":[{\"@type\":\"WebPage\",\"@id\":\"https:\\\/\\\/edumartpro.vn\\\/?page_id=170\",\"url\":\"https:\\\/\\\/edumartpro.vn\\\/?page_id=170\",\"name\":\"Gi\u1edbi Thi\u1ec7u EduMartPro\",\"isPartOf\":{\"@id\":\"https:\\\/\\\/edumartpro.vn\\\/#website\"},\"primaryImageOfPage\":{\"@id\":\"https:\\\/\\\/edumartpro.vn\\\/?page_id=170#primaryimage\"},\"image\":{\"@id\":\"https:\\\/\\\/edumartpro.vn\\\/?page_id=170#primaryimage\"},\"thumbnailUrl\":\"https:\\\/\\\/edumartpro.vn\\\/wp-content\\\/uploads\\\/2025\\\/07\\\/ThietbiEdu-1024x1024.png\",\"datePublished\":\"2025-07-22T10:39:55+00:00\",\"dateModified\":\"2025-07-29T10:45:31+00:00\",\"description\":\"H\u01a1n 05 n\u0103m kinh nghi\u1ec7m trong l\u0129nh v\u1ef1c T\u01b0 v\u1ea5n, cung c\u1ea5p thi\u1ebft b\u1ecb c\u00f4ng ngh\u1ec7 to\u00e0n di\u1ec7n, v\u00e0 c\u00e1c s\u1ea3n ph\u1ea9m nh\u1eadn di\u1ec7n, qu\u1ea3ng b\u00e1 th\u01b0\u01a1ng hi\u1ec7u \u2013 EduMartPro.vn h\u1ed9i t\u1ee5 \u0111\u1ea7y \u0111\u1ee7 n\u0103ng l\u1ef1c, kinh nghi\u1ec7m v\u00e0 s\u1ef1 t\u1eadn t\u00e2m \u0111\u1ec3 tr\u1edf th\u00e0nh \u0111\u1ed1i t\u00e1c tin c\u1eady c\u1ee7a c\u00e1c Tr\u01b0\u1eddng h\u1ecdc, Trung t\u00e2m v\u00e0 H\u1ec7 th\u1ed1ng Gi\u00e1o d\u1ee5c tr\u00ean c\u1ea3 n\u01b0\u1edbc\",\"breadcrumb\":{\"@id\":\"https:\\\/\\\/edumartpro.vn\\\/?page_id=170#breadcrumb\"},\"inLanguage\":\"vi\",\"potentialAction\":[{\"@type\":\"ReadAction\",\"target\":[\"https:\\\/\\\/edumartpro.vn\\\/?page_id=170\"]}]},{\"@type\":\"ImageObject\",\"inLanguage\":\"vi\",\"@id\":\"https:\\\/\\\/edumartpro.vn\\\/?page_id=170#primaryimage\",\"url\":\"https:\\\/\\\/edumartpro.vn\\\/wp-content\\\/uploads\\\/2025\\\/07\\\/ThietbiEdu.png\",\"contentUrl\":\"https:\\\/\\\/edumartpro.vn\\\/wp-content\\\/uploads\\\/2025\\\/07\\\/ThietbiEdu.png\",\"width\":2048,\"height\":2048},{\"@type\":\"BreadcrumbList\",\"@id\":\"https:\\\/\\\/edumartpro.vn\\\/?page_id=170#breadcrumb\",\"itemListElement\":[{\"@type\":\"ListItem\",\"position\":1,\"name\":\"Trang ch\u1ee7\",\"item\":\"https:\\\/\\\/edumartpro.vn\\\/\"},{\"@type\":\"ListItem\",\"position\":2,\"name\":\"Gi\u1edbi Thi\u1ec7u EduMartPro\"}]},{\"@type\":\"WebSite\",\"@id\":\"https:\\\/\\\/edumartpro.vn\\\/#website\",\"url\":\"https:\\\/\\\/edumartpro.vn\\\/\",\"name\":\"EduMartPro\",\"description\":\"\",\"publisher\":{\"@id\":\"https:\\\/\\\/edumartpro.vn\\\/#organization\"},\"potentialAction\":[{\"@type\":\"SearchAction\",\"target\":{\"@type\":\"EntryPoint\",\"urlTemplate\":\"https:\\\/\\\/edumartpro.vn\\\/?s={search_term_string}\"},\"query-input\":{\"@type\":\"PropertyValueSpecification\",\"valueRequired\":true,\"valueName\":\"search_term_string\"}}],\"inLanguage\":\"vi\"},{\"@type\":\"Organization\",\"@id\":\"https:\\\/\\\/edumartpro.vn\\\/#organization\",\"name\":\"EduMartPro\",\"url\":\"https:\\\/\\\/edumartpro.vn\\\/\",\"logo\":{\"@type\":\"ImageObject\",\"inLanguage\":\"vi\",\"@id\":\"https:\\\/\\\/edumartpro.vn\\\/#\\\/schema\\\/logo\\\/image\\\/\",\"url\":\"https:\\\/\\\/edumartpro.vn\\\/wp-content\\\/uploads\\\/2025\\\/07\\\/cropped-Edu_logo_Web.png\",\"contentUrl\":\"https:\\\/\\\/edumartpro.vn\\\/wp-content\\\/uploads\\\/2025\\\/07\\\/cropped-Edu_logo_Web.png\",\"width\":457,\"height\":304,\"caption\":\"EduMartPro\"},\"image\":{\"@id\":\"https:\\\/\\\/edumartpro.vn\\\/#\\\/schema\\\/logo\\\/image\\\/\"}}]}<\/script>\n<!-- \/ Yoast SEO plugin. -->","yoast_head_json":{"title":"Gi\u1edbi Thi\u1ec7u EduMartPro","description":"H\u01a1n 05 n\u0103m kinh nghi\u1ec7m trong l\u0129nh v\u1ef1c T\u01b0 v\u1ea5n, cung c\u1ea5p thi\u1ebft b\u1ecb c\u00f4ng ngh\u1ec7 to\u00e0n di\u1ec7n, v\u00e0 c\u00e1c s\u1ea3n ph\u1ea9m nh\u1eadn di\u1ec7n, qu\u1ea3ng b\u00e1 th\u01b0\u01a1ng hi\u1ec7u \u2013 EduMartPro.vn h\u1ed9i t\u1ee5 \u0111\u1ea7y \u0111\u1ee7 n\u0103ng l\u1ef1c, kinh nghi\u1ec7m v\u00e0 s\u1ef1 t\u1eadn t\u00e2m \u0111\u1ec3 tr\u1edf th\u00e0nh \u0111\u1ed1i t\u00e1c tin c\u1eady c\u1ee7a c\u00e1c Tr\u01b0\u1eddng h\u1ecdc, Trung t\u00e2m v\u00e0 H\u1ec7 th\u1ed1ng Gi\u00e1o d\u1ee5c tr\u00ean c\u1ea3 n\u01b0\u1edbc","robots":{"index":"index","follow":"follow","max-snippet":"max-snippet:-1","max-image-preview":"max-image-preview:large","max-video-preview":"max-video-preview:-1"},"canonical":"https:\/\/edumartpro.vn\/?page_id=170","og_locale":"vi_VN","og_type":"article","og_title":"Gi\u1edbi Thi\u1ec7u EduMartPro","og_description":"H\u01a1n 05 n\u0103m kinh nghi\u1ec7m trong l\u0129nh v\u1ef1c T\u01b0 v\u1ea5n, cung c\u1ea5p thi\u1ebft b\u1ecb c\u00f4ng ngh\u1ec7 to\u00e0n di\u1ec7n, v\u00e0 c\u00e1c s\u1ea3n ph\u1ea9m nh\u1eadn di\u1ec7n, qu\u1ea3ng b\u00e1 th\u01b0\u01a1ng hi\u1ec7u \u2013 EduMartPro.vn h\u1ed9i t\u1ee5 \u0111\u1ea7y \u0111\u1ee7 n\u0103ng l\u1ef1c, kinh nghi\u1ec7m v\u00e0 s\u1ef1 t\u1eadn t\u00e2m \u0111\u1ec3 tr\u1edf th\u00e0nh \u0111\u1ed1i t\u00e1c tin c\u1eady c\u1ee7a c\u00e1c Tr\u01b0\u1eddng h\u1ecdc, Trung t\u00e2m v\u00e0 H\u1ec7 th\u1ed1ng Gi\u00e1o d\u1ee5c tr\u00ean c\u1ea3 n\u01b0\u1edbc","og_url":"https:\/\/edumartpro.vn\/?page_id=170","og_site_name":"EduMartPro","article_modified_time":"2025-07-29T10:45:31+00:00","og_image":[{"width":1024,"height":1024,"url":"https:\/\/edumartpro.vn\/wp-content\/uploads\/2025\/07\/ThietbiEdu-1024x1024.png","type":"image\/png"}],"twitter_card":"summary_large_image","twitter_misc":{"\u01af\u1edbc t\u00ednh th\u1eddi gian \u0111\u1ecdc":"4 ph\u00fat"},"schema":{"@context":"https:\/\/schema.org","@graph":[{"@type":"WebPage","@id":"https:\/\/edumartpro.vn\/?page_id=170","url":"https:\/\/edumartpro.vn\/?page_id=170","name":"Gi\u1edbi Thi\u1ec7u EduMartPro","isPartOf":{"@id":"https:\/\/edumartpro.vn\/#website"},"primaryImageOfPage":{"@id":"https:\/\/edumartpro.vn\/?page_id=170#primaryimage"},"image":{"@id":"https:\/\/edumartpro.vn\/?page_id=170#primaryimage"},"thumbnailUrl":"https:\/\/edumartpro.vn\/wp-content\/uploads\/2025\/07\/ThietbiEdu-1024x1024.png","datePublished":"2025-07-22T10:39:55+00:00","dateModified":"2025-07-29T10:45:31+00:00","description":"H\u01a1n 05 n\u0103m kinh nghi\u1ec7m trong l\u0129nh v\u1ef1c T\u01b0 v\u1ea5n, cung c\u1ea5p thi\u1ebft b\u1ecb c\u00f4ng ngh\u1ec7 to\u00e0n di\u1ec7n, v\u00e0 c\u00e1c s\u1ea3n ph\u1ea9m nh\u1eadn di\u1ec7n, qu\u1ea3ng b\u00e1 th\u01b0\u01a1ng hi\u1ec7u \u2013 EduMartPro.vn h\u1ed9i t\u1ee5 \u0111\u1ea7y \u0111\u1ee7 n\u0103ng l\u1ef1c, kinh nghi\u1ec7m v\u00e0 s\u1ef1 t\u1eadn t\u00e2m \u0111\u1ec3 tr\u1edf th\u00e0nh \u0111\u1ed1i t\u00e1c tin c\u1eady c\u1ee7a c\u00e1c Tr\u01b0\u1eddng h\u1ecdc, Trung t\u00e2m v\u00e0 H\u1ec7 th\u1ed1ng Gi\u00e1o d\u1ee5c tr\u00ean c\u1ea3 n\u01b0\u1edbc","breadcrumb":{"@id":"https:\/\/edumartpro.vn\/?page_id=170#breadcrumb"},"inLanguage":"vi","potentialAction":[{"@type":"ReadAction","target":["https:\/\/edumartpro.vn\/?page_id=170"]}]},{"@type":"ImageObject","inLanguage":"vi","@id":"https:\/\/edumartpro.vn\/?page_id=170#primaryimage","url":"https:\/\/edumartpro.vn\/wp-content\/uploads\/2025\/07\/ThietbiEdu.png","contentUrl":"https:\/\/edumartpro.vn\/wp-content\/uploads\/2025\/07\/ThietbiEdu.png","width":2048,"height":2048},{"@type":"BreadcrumbList","@id":"https:\/\/edumartpro.vn\/?page_id=170#breadcrumb","itemListElement":[{"@type":"ListItem","position":1,"name":"Trang ch\u1ee7","item":"https:\/\/edumartpro.vn\/"},{"@type":"ListItem","position":2,"name":"Gi\u1edbi Thi\u1ec7u EduMartPro"}]},{"@type":"WebSite","@id":"https:\/\/edumartpro.vn\/#website","url":"https:\/\/edumartpro.vn\/","name":"EduMartPro","description":"","publisher":{"@id":"https:\/\/edumartpro.vn\/#organization"},"potentialAction":[{"@type":"SearchAction","target":{"@type":"EntryPoint","urlTemplate":"https:\/\/edumartpro.vn\/?s={search_term_string}"},"query-input":{"@type":"PropertyValueSpecification","valueRequired":true,"valueName":"search_term_string"}}],"inLanguage":"vi"},{"@type":"Organization","@id":"https:\/\/edumartpro.vn\/#organization","name":"EduMartPro","url":"https:\/\/edumartpro.vn\/","logo":{"@type":"ImageObject","inLanguage":"vi","@id":"https:\/\/edumartpro.vn\/#\/schema\/logo\/image\/","url":"https:\/\/edumartpro.vn\/wp-content\/uploads\/2025\/07\/cropped-Edu_logo_Web.png","contentUrl":"https:\/\/edumartpro.vn\/wp-content\/uploads\/2025\/07\/cropped-Edu_logo_Web.png","width":457,"height":304,"caption":"EduMartPro"},"image":{"@id":"https:\/\/edumartpro.vn\/#\/schema\/logo\/image\/"}}]}},"jetpack_sharing_enabled":true,"_links":{"self":[{"href":"https:\/\/edumartpro.vn\/index.php?rest_route=\/wp\/v2\/pages\/170","targetHints":{"allow":["GET"]}}],"collection":[{"href":"https:\/\/edumartpro.vn\/index.php?rest_route=\/wp\/v2\/pages"}],"about":[{"href":"https:\/\/edumartpro.vn\/index.php?rest_route=\/wp\/v2\/types\/page"}],"author":[{"embeddable":true,"href":"https:\/\/edumartpro.vn\/index.php?rest_route=\/wp\/v2\/users\/1"}],"replies":[{"embeddable":true,"href":"https:\/\/edumartpro.vn\/index.php?rest_route=%2Fwp%2Fv2%2Fcomments&post=170"}],"version-history":[{"count":18,"href":"https:\/\/edumartpro.vn\/index.php?rest_route=\/wp\/v2\/pages\/170\/revisions"}],"predecessor-version":[{"id":333,"href":"https:\/\/edumartpro.vn\/index.php?rest_route=\/wp\/v2\/pages\/170\/revisions\/333"}],"wp:attachment":[{"href":"https:\/\/edumartpro.vn\/index.php?rest_route=%2Fwp%2Fv2%2Fmedia&parent=170"}],"curies":[{"name":"wp","href":"https:\/\/api.w.org\/{rel}","templated":true}]}}