{"id":14,"date":"2025-07-22T05:35:13","date_gmt":"2025-07-22T05:35:13","guid":{"rendered":"https:\/\/edumartpro.vn\/?page_id=14"},"modified":"2026-04-08T08:40:19","modified_gmt":"2026-04-08T08:40:19","slug":"home","status":"publish","type":"page","link":"https:\/\/edumartpro.vn\/","title":{"rendered":"EduMartPro"},"content":{"rendered":"\n<p><strong><em>K\u00ednh g\u1eedi: Ban L\u00e3nh \u0111\u1ea1o Qu\u00fd Tr\u01b0\u1eddng\/\u0110\u01a1n v\u1ecb Gi\u00e1o d\u1ee5c,<\/em><\/strong><\/p>\n\n\n\n<p>Trong b\u1ed1i c\u1ea3nh n\u1ec1n gi\u00e1o d\u1ee5c ng\u00e0y c\u00e0ng \u0111\u1ed5i m\u1edbi v\u00e0 c\u1ea1nh tranh, vi\u1ec7c x\u00e2y d\u1ef1ng m\u1ed9t h\u00ecnh \u1ea3nh chuy\u00ean nghi\u1ec7p, hi\u1ec7n \u0111\u1ea1i kh\u00f4ng ch\u1ec9 th\u1ec3 hi\u1ec7n t\u1ea7m v\u00f3c c\u1ee7a m\u1ed9t ng\u00f4i tr\u01b0\u1eddng m\u00e0 c\u00f2n l\u00e0 y\u1ebfu t\u1ed1 quan tr\u1ecdng t\u1ea1o ni\u1ec1m tin v\u00e0 thi\u1ec7n c\u1ea3m t\u1eeb ph\u00eda ph\u1ee5 huynh, h\u1ecdc sinh \u2013 sinh vi\u00ean, c\u0169ng nh\u01b0 x\u00e3 h\u1ed9i.<\/p>\n\n\n\n<p>M\u1ed9t t\u1ed5 ch\u1ee9c gi\u00e1o d\u1ee5c \u0111\u01b0\u1ee3c \u0111\u1ea7u t\u01b0 b\u00e0i b\u1ea3n t\u1eeb thi\u1ebft b\u1ecb gi\u1ea3ng d\u1ea1y th\u00f4ng minh, \u0111\u1ed3 d\u00f9ng tr\u1ef1c quan,\u2026 \u0111\u1ebfn nh\u1eefng chi ti\u1ebft t\u01b0\u1edfng ch\u1eebng nh\u1ecf nh\u01b0 b\u1ed9 nh\u1eadn di\u1ec7n th\u01b0\u01a1ng hi\u1ec7u hay c\u00e1c qu\u00e0 t\u1eb7ng truy\u1ec1n th\u00f4ng trong tuy\u1ec3n sinh \u2013 ch\u00ednh l\u00e0 minh ch\u1ee9ng r\u00f5 r\u00e0ng cho s\u1ef1 ch\u1ec9n chu, cam k\u1ebft ch\u1ea5t l\u01b0\u1ee3ng v\u00e0 kh\u00e1t v\u1ecdng ph\u00e1t tri\u1ec3n b\u1ec1n v\u1eefng.<\/p>\n\n\n\n<p><strong>EduMartPro.vn<\/strong> \u0111\u00e3 ra \u0111\u1eddi v\u1edbi s\u1ee9 m\u1ec7nh \u0111\u1ed3ng h\u00e0nh c\u00f9ng c\u00e1c Tr\u01b0\u1eddng h\u1ecdc, T\u1ed5 ch\u1ee9c gi\u00e1o d\u1ee5c trong h\u00e0nh tr\u00ecnh \u0111\u00f3. L\u00e0 \u0111\u01a1n v\u1ecb chuy\u00ean cung c\u1ea5p thi\u1ebft b\u1ecb d\u1ea1y h\u1ecdc, b\u1ea3ng th\u00f4ng minh, gi\u1ea3i ph\u00e1p v\u0103n ph\u00f2ng \u2013 h\u1ed9i tr\u01b0\u1eddng v\u00e0 qu\u00e0 t\u1eb7ng truy\u1ec1n th\u00f4ng chuy\u00ean nghi\u1ec7p, ch\u00fang t\u00f4i hi\u1ec3u r\u00f5 t\u1eebng nhu c\u1ea7u \u0111\u1eb7c th\u00f9 trong l\u0129nh v\u1ef1c gi\u00e1o d\u1ee5c.<\/p>\n\n\n\n<p>Ti\u1ec1n th\u00e2n v\u1edbi kinh nghi\u1ec7m h\u01a1n 05 n\u0103m l\u00e0 m\u1ea3ng ch\u0103m s\u00f3c kh\u00e1ch h\u00e0ng Gi\u00e1o d\u1ee5c thu\u1ed9c C\u00f4ng ty C\u1ed5 ph\u1ea7n \u0110\u1ea7u t\u01b0 Th\u01b0\u01a1ng m\u1ea1i Qu\u1ea3ng c\u00e1o\u00a0<strong><a href=\"https:\/\/shinad.vn\/\">SHINAD<\/a><\/strong>\u00a0\u2013 \u0111\u01a1n v\u1ecb chuy\u00ean T\u01b0 v\u1ea5n, cung c\u1ea5p thi\u1ebft b\u1ecb c\u00f4ng ngh\u1ec7 to\u00e0n di\u1ec7n, v\u00e0 c\u00e1c s\u1ea3n ph\u1ea9m nh\u1eadn di\u1ec7n, qu\u1ea3ng b\u00e1 th\u01b0\u01a1ng hi\u1ec7u cho kh\u00e1ch h\u00e0ng \u0111a l\u0129nh v\u1ef1c \u2013 EduMartPro.vn h\u1ed9i t\u1ee5 \u0111\u1ea7y \u0111\u1ee7 n\u0103ng l\u1ef1c, kinh nghi\u1ec7m v\u00e0 s\u1ef1 t\u1eadn t\u00e2m \u0111\u1ec3 tr\u1edf th\u00e0nh \u0111\u1ed1i t\u00e1c tin c\u1eady c\u1ee7a c\u00e1c Tr\u01b0\u1eddng h\u1ecdc, Trung t\u00e2m v\u00e0 H\u1ec7 th\u1ed1ng Gi\u00e1o d\u1ee5c tr\u00ean c\u1ea3 n\u01b0\u1edbc.<\/p>\n\n\n\n<p>\u0110\u1ed1i t\u00e1c &#8211; Kh\u00e1ch h\u00e0ng c\u1ee7a ch\u00fang t\u00f4i \u0111\u00e3 v\u00e0 \u0111ang l\u00e0 c\u00e1c \u0110\u01a1n v\u1ecb gi\u00e1o d\u1ee5c uy t\u00edn hi\u1ec7n nay nh\u01b0 Tr\u01b0\u1eddng \u0110\u1ea1i H\u1ecdc C\u00f4ng Nghi\u1ec7p TP HCM (<strong>IUH<\/strong>), Tr\u01b0\u1eddng \u0110\u1ea1i H\u1ecdc Ngo\u1ea1i Ng\u1eef Tin H\u1ecdc TP HCM (<strong>HUFLIT<\/strong>), Chu\u1ed7i tr\u01b0\u1eddng FPT Polytechnic &#8211; <strong>FPT Education<\/strong>, h\u1ec7 th\u1ed1ng Gi\u00e1o d\u1ee5c <strong>S.E.T<\/strong>, v\u00e0 nhi\u1ec1u \u0111\u01a1n v\u1ecb t\u1ed5 ch\u1ee9c gi\u00e1o d\u1ee5c tr\u00ean c\u1ea3 n\u01b0\u1edbc.<\/p>\n\n\n\n<p>Ch\u00fang t\u00f4i r\u1ea5t mong c\u00f3 c\u01a1 h\u1ed9i \u0111\u01b0\u1ee3c l\u1eafng nghe, t\u01b0 v\u1ea5n v\u00e0 \u0111\u1ed3ng h\u00e0nh c\u00f9ng Qu\u00fd \u0111\u01a1n v\u1ecb trong c\u00e1c ho\u1ea1t \u0111\u1ed9ng \u0111\u1ea7u t\u01b0 c\u01a1 s\u1edf v\u1eadt ch\u1ea5t, truy\u1ec1n th\u00f4ng h\u00ecnh \u1ea3nh \u2013 v\u00ec m\u1ed9t m\u00f4i tr\u01b0\u1eddng gi\u00e1o d\u1ee5c chuy\u00ean nghi\u1ec7p, hi\u1ec7n \u0111\u1ea1i v\u00e0 t\u1ea1o d\u1ea5u \u1ea5n kh\u00e1c bi\u1ec7t.<\/p>\n\n\n\n<p>Tr\u00e2n tr\u1ecdng c\u1ea3m \u01a1n v\u00e0 k\u00ednh ch\u00fac Qu\u00fd Tr\u01b0\u1eddng\/\u0110\u01a1n v\u1ecb lu\u00f4n ph\u00e1t tri\u1ec3n v\u1eefng m\u1ea1nh!<\/p>\n\n\n\n<p><\/p>\n","protected":false},"excerpt":{"rendered":"<p>K\u00ednh g\u1eedi: Ban L\u00e3nh \u0111\u1ea1o Qu\u00fd Tr\u01b0\u1eddng\/\u0110\u01a1n v\u1ecb Gi\u00e1o d\u1ee5c, Trong b\u1ed1i c\u1ea3nh n\u1ec1n gi\u00e1o d\u1ee5c ng\u00e0y c\u00e0ng \u0111\u1ed5i m\u1edbi v\u00e0 c\u1ea1nh tranh, vi\u1ec7c x\u00e2y d\u1ef1ng m\u1ed9t h\u00ecnh \u1ea3nh chuy\u00ean nghi\u1ec7p, hi\u1ec7n \u0111\u1ea1i kh\u00f4ng ch\u1ec9 th\u1ec3 hi\u1ec7n t\u1ea7m v\u00f3c c\u1ee7a m\u1ed9t ng\u00f4i tr\u01b0\u1eddng m\u00e0 c\u00f2n l\u00e0 y\u1ebfu t\u1ed1 quan tr\u1ecdng [&hellip;]<\/p>\n","protected":false},"author":1,"featured_media":226,"parent":0,"menu_order":0,"comment_status":"closed","ping_status":"closed","template":"","meta":{"footnotes":""},"class_list":["post-14","page","type-page","status-publish","has-post-thumbnail","hentry"],"yoast_head":"<!-- This site is optimized with the Yoast SEO plugin v27.3 - https:\/\/yoast.com\/product\/yoast-seo-wordpress\/ -->\n<title>EduMartPro | Gi\u1ea3i ph\u00e1p th\u01b0\u01a1ng hi\u1ec7u to\u00e0n di\u1ec7n cho Tr\u01b0\u1eddng h\u1ecdc<\/title>\n<meta name=\"description\" content=\"T\u01b0 v\u1ea5n, thi\u1ebft k\u1ebf, cung c\u1ea5p, v\u00e0 l\u00e0 \u0111\u1ed1i t\u00e1c tin c\u1eady c\u1ee7a c\u00e1c Tr\u01b0\u1eddng h\u1ecdc v\u1ec1 gi\u1ea3i ph\u00e1p nh\u1eadn di\u1ec7n, qu\u1ea3ng b\u00e1 th\u01b0\u01a1ng hi\u1ec7u, v\u00e0 qu\u00e0 t\u1eb7ng gi\u00e1o d\u1ee5c.\" \/>\n<meta name=\"robots\" content=\"index, follow, max-snippet:-1, max-image-preview:large, max-video-preview:-1\" \/>\n<link rel=\"canonical\" href=\"https:\/\/edumartpro.vn\/\" \/>\n<meta property=\"og:locale\" content=\"vi_VN\" \/>\n<meta property=\"og:type\" content=\"article\" \/>\n<meta property=\"og:title\" content=\"EduMartPro | Gi\u1ea3i ph\u00e1p th\u01b0\u01a1ng hi\u1ec7u to\u00e0n di\u1ec7n cho Tr\u01b0\u1eddng h\u1ecdc\" \/>\n<meta property=\"og:description\" content=\"T\u01b0 v\u1ea5n, thi\u1ebft k\u1ebf, cung c\u1ea5p, v\u00e0 l\u00e0 \u0111\u1ed1i t\u00e1c tin c\u1eady c\u1ee7a c\u00e1c Tr\u01b0\u1eddng h\u1ecdc v\u1ec1 gi\u1ea3i ph\u00e1p nh\u1eadn di\u1ec7n, qu\u1ea3ng b\u00e1 th\u01b0\u01a1ng hi\u1ec7u, v\u00e0 qu\u00e0 t\u1eb7ng gi\u00e1o d\u1ee5c.\" \/>\n<meta property=\"og:url\" content=\"https:\/\/edumartpro.vn\/\" \/>\n<meta property=\"og:site_name\" content=\"EduMartPro\" \/>\n<meta property=\"article:modified_time\" content=\"2026-04-08T08:40:19+00:00\" \/>\n<meta property=\"og:image\" content=\"https:\/\/edumartpro.vn\/wp-content\/uploads\/2025\/07\/gifttn.jpg\" \/>\n\t<meta property=\"og:image:width\" content=\"2048\" \/>\n\t<meta property=\"og:image:height\" content=\"2048\" \/>\n\t<meta property=\"og:image:type\" content=\"image\/jpeg\" \/>\n<meta name=\"twitter:card\" content=\"summary_large_image\" \/>\n<meta name=\"twitter:label1\" content=\"\u01af\u1edbc t\u00ednh th\u1eddi gian \u0111\u1ecdc\" \/>\n\t<meta name=\"twitter:data1\" content=\"3 ph\u00fat\" \/>\n<script type=\"application\/ld+json\" class=\"yoast-schema-graph\">{\"@context\":\"https:\\\/\\\/schema.org\",\"@graph\":[{\"@type\":\"WebPage\",\"@id\":\"https:\\\/\\\/edumartpro.vn\\\/\",\"url\":\"https:\\\/\\\/edumartpro.vn\\\/\",\"name\":\"EduMartPro | Gi\u1ea3i ph\u00e1p th\u01b0\u01a1ng hi\u1ec7u to\u00e0n di\u1ec7n cho Tr\u01b0\u1eddng h\u1ecdc\",\"isPartOf\":{\"@id\":\"https:\\\/\\\/edumartpro.vn\\\/#website\"},\"primaryImageOfPage\":{\"@id\":\"https:\\\/\\\/edumartpro.vn\\\/#primaryimage\"},\"image\":{\"@id\":\"https:\\\/\\\/edumartpro.vn\\\/#primaryimage\"},\"thumbnailUrl\":\"https:\\\/\\\/edumartpro.vn\\\/wp-content\\\/uploads\\\/2025\\\/07\\\/gifttn.jpg\",\"datePublished\":\"2025-07-22T05:35:13+00:00\",\"dateModified\":\"2026-04-08T08:40:19+00:00\",\"description\":\"T\u01b0 v\u1ea5n, thi\u1ebft k\u1ebf, cung c\u1ea5p, v\u00e0 l\u00e0 \u0111\u1ed1i t\u00e1c tin c\u1eady c\u1ee7a c\u00e1c Tr\u01b0\u1eddng h\u1ecdc v\u1ec1 gi\u1ea3i ph\u00e1p nh\u1eadn di\u1ec7n, qu\u1ea3ng b\u00e1 th\u01b0\u01a1ng hi\u1ec7u, v\u00e0 qu\u00e0 t\u1eb7ng gi\u00e1o d\u1ee5c.\",\"breadcrumb\":{\"@id\":\"https:\\\/\\\/edumartpro.vn\\\/#breadcrumb\"},\"inLanguage\":\"vi\",\"potentialAction\":[{\"@type\":\"ReadAction\",\"target\":[\"https:\\\/\\\/edumartpro.vn\\\/\"]}]},{\"@type\":\"ImageObject\",\"inLanguage\":\"vi\",\"@id\":\"https:\\\/\\\/edumartpro.vn\\\/#primaryimage\",\"url\":\"https:\\\/\\\/edumartpro.vn\\\/wp-content\\\/uploads\\\/2025\\\/07\\\/gifttn.jpg\",\"contentUrl\":\"https:\\\/\\\/edumartpro.vn\\\/wp-content\\\/uploads\\\/2025\\\/07\\\/gifttn.jpg\",\"width\":2048,\"height\":2048},{\"@type\":\"BreadcrumbList\",\"@id\":\"https:\\\/\\\/edumartpro.vn\\\/#breadcrumb\",\"itemListElement\":[{\"@type\":\"ListItem\",\"position\":1,\"name\":\"Trang ch\u1ee7\",\"item\":\"https:\\\/\\\/edumartpro.vn\\\/\"},{\"@type\":\"ListItem\",\"position\":2,\"name\":\"EduMartPro\"}]},{\"@type\":\"WebSite\",\"@id\":\"https:\\\/\\\/edumartpro.vn\\\/#website\",\"url\":\"https:\\\/\\\/edumartpro.vn\\\/\",\"name\":\"EduMartPro\",\"description\":\"\",\"publisher\":{\"@id\":\"https:\\\/\\\/edumartpro.vn\\\/#organization\"},\"potentialAction\":[{\"@type\":\"SearchAction\",\"target\":{\"@type\":\"EntryPoint\",\"urlTemplate\":\"https:\\\/\\\/edumartpro.vn\\\/?s={search_term_string}\"},\"query-input\":{\"@type\":\"PropertyValueSpecification\",\"valueRequired\":true,\"valueName\":\"search_term_string\"}}],\"inLanguage\":\"vi\"},{\"@type\":\"Organization\",\"@id\":\"https:\\\/\\\/edumartpro.vn\\\/#organization\",\"name\":\"EduMartPro\",\"url\":\"https:\\\/\\\/edumartpro.vn\\\/\",\"logo\":{\"@type\":\"ImageObject\",\"inLanguage\":\"vi\",\"@id\":\"https:\\\/\\\/edumartpro.vn\\\/#\\\/schema\\\/logo\\\/image\\\/\",\"url\":\"https:\\\/\\\/edumartpro.vn\\\/wp-content\\\/uploads\\\/2025\\\/07\\\/cropped-Edu_logo_Web.png\",\"contentUrl\":\"https:\\\/\\\/edumartpro.vn\\\/wp-content\\\/uploads\\\/2025\\\/07\\\/cropped-Edu_logo_Web.png\",\"width\":457,\"height\":304,\"caption\":\"EduMartPro\"},\"image\":{\"@id\":\"https:\\\/\\\/edumartpro.vn\\\/#\\\/schema\\\/logo\\\/image\\\/\"}}]}<\/script>\n<!-- \/ Yoast SEO plugin. -->","yoast_head_json":{"title":"EduMartPro | Gi\u1ea3i ph\u00e1p th\u01b0\u01a1ng hi\u1ec7u to\u00e0n di\u1ec7n cho Tr\u01b0\u1eddng h\u1ecdc","description":"T\u01b0 v\u1ea5n, thi\u1ebft k\u1ebf, cung c\u1ea5p, v\u00e0 l\u00e0 \u0111\u1ed1i t\u00e1c tin c\u1eady c\u1ee7a c\u00e1c Tr\u01b0\u1eddng h\u1ecdc v\u1ec1 gi\u1ea3i ph\u00e1p nh\u1eadn di\u1ec7n, qu\u1ea3ng b\u00e1 th\u01b0\u01a1ng hi\u1ec7u, v\u00e0 qu\u00e0 t\u1eb7ng gi\u00e1o d\u1ee5c.","robots":{"index":"index","follow":"follow","max-snippet":"max-snippet:-1","max-image-preview":"max-image-preview:large","max-video-preview":"max-video-preview:-1"},"canonical":"https:\/\/edumartpro.vn\/","og_locale":"vi_VN","og_type":"article","og_title":"EduMartPro | Gi\u1ea3i ph\u00e1p th\u01b0\u01a1ng hi\u1ec7u to\u00e0n di\u1ec7n cho Tr\u01b0\u1eddng h\u1ecdc","og_description":"T\u01b0 v\u1ea5n, thi\u1ebft k\u1ebf, cung c\u1ea5p, v\u00e0 l\u00e0 \u0111\u1ed1i t\u00e1c tin c\u1eady c\u1ee7a c\u00e1c Tr\u01b0\u1eddng h\u1ecdc v\u1ec1 gi\u1ea3i ph\u00e1p nh\u1eadn di\u1ec7n, qu\u1ea3ng b\u00e1 th\u01b0\u01a1ng hi\u1ec7u, v\u00e0 qu\u00e0 t\u1eb7ng gi\u00e1o d\u1ee5c.","og_url":"https:\/\/edumartpro.vn\/","og_site_name":"EduMartPro","article_modified_time":"2026-04-08T08:40:19+00:00","og_image":[{"width":2048,"height":2048,"url":"https:\/\/edumartpro.vn\/wp-content\/uploads\/2025\/07\/gifttn.jpg","type":"image\/jpeg"}],"twitter_card":"summary_large_image","twitter_misc":{"\u01af\u1edbc t\u00ednh th\u1eddi gian \u0111\u1ecdc":"3 ph\u00fat"},"schema":{"@context":"https:\/\/schema.org","@graph":[{"@type":"WebPage","@id":"https:\/\/edumartpro.vn\/","url":"https:\/\/edumartpro.vn\/","name":"EduMartPro | Gi\u1ea3i ph\u00e1p th\u01b0\u01a1ng hi\u1ec7u to\u00e0n di\u1ec7n cho Tr\u01b0\u1eddng h\u1ecdc","isPartOf":{"@id":"https:\/\/edumartpro.vn\/#website"},"primaryImageOfPage":{"@id":"https:\/\/edumartpro.vn\/#primaryimage"},"image":{"@id":"https:\/\/edumartpro.vn\/#primaryimage"},"thumbnailUrl":"https:\/\/edumartpro.vn\/wp-content\/uploads\/2025\/07\/gifttn.jpg","datePublished":"2025-07-22T05:35:13+00:00","dateModified":"2026-04-08T08:40:19+00:00","description":"T\u01b0 v\u1ea5n, thi\u1ebft k\u1ebf, cung c\u1ea5p, v\u00e0 l\u00e0 \u0111\u1ed1i t\u00e1c tin c\u1eady c\u1ee7a c\u00e1c Tr\u01b0\u1eddng h\u1ecdc v\u1ec1 gi\u1ea3i ph\u00e1p nh\u1eadn di\u1ec7n, qu\u1ea3ng b\u00e1 th\u01b0\u01a1ng hi\u1ec7u, v\u00e0 qu\u00e0 t\u1eb7ng gi\u00e1o d\u1ee5c.","breadcrumb":{"@id":"https:\/\/edumartpro.vn\/#breadcrumb"},"inLanguage":"vi","potentialAction":[{"@type":"ReadAction","target":["https:\/\/edumartpro.vn\/"]}]},{"@type":"ImageObject","inLanguage":"vi","@id":"https:\/\/edumartpro.vn\/#primaryimage","url":"https:\/\/edumartpro.vn\/wp-content\/uploads\/2025\/07\/gifttn.jpg","contentUrl":"https:\/\/edumartpro.vn\/wp-content\/uploads\/2025\/07\/gifttn.jpg","width":2048,"height":2048},{"@type":"BreadcrumbList","@id":"https:\/\/edumartpro.vn\/#breadcrumb","itemListElement":[{"@type":"ListItem","position":1,"name":"Trang ch\u1ee7","item":"https:\/\/edumartpro.vn\/"},{"@type":"ListItem","position":2,"name":"EduMartPro"}]},{"@type":"WebSite","@id":"https:\/\/edumartpro.vn\/#website","url":"https:\/\/edumartpro.vn\/","name":"EduMartPro","description":"","publisher":{"@id":"https:\/\/edumartpro.vn\/#organization"},"potentialAction":[{"@type":"SearchAction","target":{"@type":"EntryPoint","urlTemplate":"https:\/\/edumartpro.vn\/?s={search_term_string}"},"query-input":{"@type":"PropertyValueSpecification","valueRequired":true,"valueName":"search_term_string"}}],"inLanguage":"vi"},{"@type":"Organization","@id":"https:\/\/edumartpro.vn\/#organization","name":"EduMartPro","url":"https:\/\/edumartpro.vn\/","logo":{"@type":"ImageObject","inLanguage":"vi","@id":"https:\/\/edumartpro.vn\/#\/schema\/logo\/image\/","url":"https:\/\/edumartpro.vn\/wp-content\/uploads\/2025\/07\/cropped-Edu_logo_Web.png","contentUrl":"https:\/\/edumartpro.vn\/wp-content\/uploads\/2025\/07\/cropped-Edu_logo_Web.png","width":457,"height":304,"caption":"EduMartPro"},"image":{"@id":"https:\/\/edumartpro.vn\/#\/schema\/logo\/image\/"}}]}},"jetpack_sharing_enabled":true,"_links":{"self":[{"href":"https:\/\/edumartpro.vn\/index.php?rest_route=\/wp\/v2\/pages\/14","targetHints":{"allow":["GET"]}}],"collection":[{"href":"https:\/\/edumartpro.vn\/index.php?rest_route=\/wp\/v2\/pages"}],"about":[{"href":"https:\/\/edumartpro.vn\/index.php?rest_route=\/wp\/v2\/types\/page"}],"author":[{"embeddable":true,"href":"https:\/\/edumartpro.vn\/index.php?rest_route=\/wp\/v2\/users\/1"}],"replies":[{"embeddable":true,"href":"https:\/\/edumartpro.vn\/index.php?rest_route=%2Fwp%2Fv2%2Fcomments&post=14"}],"version-history":[{"count":31,"href":"https:\/\/edumartpro.vn\/index.php?rest_route=\/wp\/v2\/pages\/14\/revisions"}],"predecessor-version":[{"id":218,"href":"https:\/\/edumartpro.vn\/index.php?rest_route=\/wp\/v2\/pages\/14\/revisions\/218"}],"wp:featuredmedia":[{"embeddable":true,"href":"https:\/\/edumartpro.vn\/index.php?rest_route=\/wp\/v2\/media\/226"}],"wp:attachment":[{"href":"https:\/\/edumartpro.vn\/index.php?rest_route=%2Fwp%2Fv2%2Fmedia&parent=14"}],"curies":[{"name":"wp","href":"https:\/\/api.w.org\/{rel}","templated":true}]}}